{"id":523,"date":"2019-08-07T01:01:52","date_gmt":"2019-08-06T23:01:52","guid":{"rendered":"http:\/\/lily-perf.com\/lb170293-ovh\/?page_id=523"},"modified":"2019-08-12T18:56:45","modified_gmt":"2019-08-12T16:56:45","slug":"fr-who-we-are","status":"publish","type":"page","link":"https:\/\/lily-perf.com\/lb170293-ovh\/fr\/fr-who-we-are\/","title":{"rendered":"Qui nous sommes"},"content":{"rendered":"\r\n<h2><span style=\"color: #00a13a;\">La fondatrice<\/span><\/h2>\r\n\r\n\r\n\r\n<div class=\"wp-block-media-text alignwide\" style=\"grid-template-columns: 30% auto;\">\r\n<figure class=\"wp-block-media-text__media\"><img loading=\"lazy\" width=\"474\" height=\"440\" class=\"wp-image-462\" src=\"http:\/\/lily-perf.com\/lb170293-ovh\/wp-content\/uploads\/2019\/07\/Profil_BrigitteLeBorgne-e1563293545588.jpg\" alt=\"\" srcset=\"https:\/\/lily-perf.com\/lb170293-ovh\/wp-content\/uploads\/2019\/07\/Profil_BrigitteLeBorgne-e1563293545588-200x186.jpg 200w, https:\/\/lily-perf.com\/lb170293-ovh\/wp-content\/uploads\/2019\/07\/Profil_BrigitteLeBorgne-e1563293545588-300x278.jpg 300w, https:\/\/lily-perf.com\/lb170293-ovh\/wp-content\/uploads\/2019\/07\/Profil_BrigitteLeBorgne-e1563293545588-400x371.jpg 400w, https:\/\/lily-perf.com\/lb170293-ovh\/wp-content\/uploads\/2019\/07\/Profil_BrigitteLeBorgne-e1563293545588.jpg 474w\" sizes=\"(max-width: 474px) 100vw, 474px\" \/><\/figure>\r\n<div class=\"wp-block-media-text__content\">\r\n<p>Afin d&#8217;aider les entreprises \u00e0 r\u00e9ussir le passage de leurs <strong>caps de d\u00e9veloppement<\/strong>, Brigitte Le Borgne a fond\u00e9 en 2017 la marque de conseil <strong>Lily-Perf<\/strong>.<\/p>\r\n\r\n\r\n\r\n<p>Dans ce but, elle s&#8217;entoure d&#8217;expertises compl\u00e9mentaires <strong>soigneusement s\u00e9lectionn\u00e9es<\/strong> et de r\u00e9seaux sp\u00e9cialis\u00e9s en soutien au d\u00e9veloppement.<\/p>\r\n<\/div>\r\n<\/div>\r\n\r\n\r\n\r\n<p>&nbsp;<\/p>\r\n\r\n\r\n\r\n<div class=\"wp-block-button aligncenter\"><a class=\"wp-block-button__link has-background\" style=\"background-color: #575756;\" href=\"http:\/\/lily-perf.com\/lb170293-ovh\/fr-who-we-are-teams\/\">D\u00e9couvrez nos \u00e9quipes<\/a><\/div>\r\n\r\n\r\n<hr class=\"wp-block-separator is-style-wide\" \/>\r\n\r\n\r\n<h2><span style=\"color: #00a13a;\">Notre proposition de valeur<\/span><\/h2>\r\n\r\n\r\n\r\n<div class=\"wp-block-media-text alignwide\" style=\"grid-template-columns: 30% auto;\">\r\n<figure class=\"wp-block-media-text__media\"><img loading=\"lazy\" class=\"alignnone wp-image-406 size-medium\" src=\"http:\/\/lily-perf.com\/lb170293-ovh\/wp-content\/uploads\/2019\/07\/Icon_shakinghands-300x214.png\" alt=\"\" width=\"300\" height=\"214\" \/><\/figure>\r\n<div class=\"wp-block-media-text__content\">\r\n<ul>\r\n<li>D\u00e9velopper des relations de confiance<\/li>\r\n<li>Analyser vos d\u00e9fis du moment<\/li>\r\n<li>Appuyer sur vos points forts<\/li>\r\n<li>Guider votre internationalisation<\/li>\r\n<li>Evaluer la performance<\/li>\r\n<li>Optimiser votre performance de cash<\/li>\r\n<li>Mettre en mouvement votre entreprise<\/li>\r\n<li>Suivre l&#8217;ex\u00e9cution de votre plan<\/li>\r\n<li>Cr\u00e9er un \u00e9cosyst\u00e8me de confiance<\/li>\r\n<\/ul>\r\n<\/div>\r\n<\/div>\r\n\r\n\r\n\r\n<p>&nbsp;<\/p>\r\n\r\n\r\n\r\n<div class=\"wp-block-button aligncenter\"><a class=\"wp-block-button__link has-background\" style=\"background-color: #575756;\" href=\"http:\/\/lily-perf.com\/lb170293-ovh\/fr-who-we-are-offer\/\">D\u00e9couvrez notre offre<\/a><\/div>\r\n\r\n\r\n<hr class=\"wp-block-separator is-style-wide\" \/>\r\n\r\n\r\n<h2><span style=\"color: #00a13a;\">Le r\u00e9seau IBG Global<\/span><\/h2>\r\n\r\n\r\n\r\n<div class=\"wp-block-media-text alignwide\" style=\"grid-template-columns: 30% auto;\">\r\n<figure class=\"wp-block-media-text__media\"><img loading=\"lazy\" width=\"640\" height=\"435\" class=\"wp-image-508\" src=\"http:\/\/lily-perf.com\/lb170293-ovh\/wp-content\/uploads\/2019\/07\/ibg-global-logo-6-002.jpeg\" alt=\"\" srcset=\"https:\/\/lily-perf.com\/lb170293-ovh\/wp-content\/uploads\/2019\/07\/ibg-global-logo-6-002-200x136.jpeg 200w, https:\/\/lily-perf.com\/lb170293-ovh\/wp-content\/uploads\/2019\/07\/ibg-global-logo-6-002-300x204.jpeg 300w, https:\/\/lily-perf.com\/lb170293-ovh\/wp-content\/uploads\/2019\/07\/ibg-global-logo-6-002-400x272.jpeg 400w, https:\/\/lily-perf.com\/lb170293-ovh\/wp-content\/uploads\/2019\/07\/ibg-global-logo-6-002-600x408.jpeg 600w, https:\/\/lily-perf.com\/lb170293-ovh\/wp-content\/uploads\/2019\/07\/ibg-global-logo-6-002.jpeg 640w\" sizes=\"(max-width: 640px) 100vw, 640px\" \/><\/figure>\r\n<div class=\"wp-block-media-text__content\">\r\n<p>Lily-Perf a rejoint le r\u00e9seau IBG Global en 2018, en qualit\u00e9 de <strong>Senior Partner France<\/strong>, sur le constat d&#8217;un <span style=\"color: #00a13a;\"><strong>ADN partag\u00e9<\/strong><\/span> avec les 22 autres Senior Partners.<\/p>\r\n\r\n\r\n\r\n<p>IBG Global est un r\u00e9seau d&#8217;entreprises ind\u00e9pendantes sp\u00e9cialis\u00e9es en conseil en d\u00e9veloppement international, qui a \u00e9t\u00e9 fond\u00e9 en 2000.<\/p>\r\n<\/div>\r\n<\/div>\r\n\r\n\r\n\r\n<p>&nbsp;<\/p>\r\n\r\n\r\n\r\n<div class=\"wp-block-button aligncenter\"><a class=\"wp-block-button__link has-background\" style=\"background-color: #575756;\" href=\"http:\/\/lily-perf.com\/lb170293-ovh\/fr-who-we-are-ibg\/\">D\u00e9couvrez notre partenariat<\/a><\/div>\r\n\r\n\r\n<hr class=\"wp-block-separator is-style-wide\" \/>\r\n\r\n\r\n<div class=\"wp-block-columns has-2-columns\">\r\n<div class=\"wp-block-column\">\r\n<h1><a href=\"http:\/\/lily-perf.com\/lb170293-ovh\/fr-insights\/\">D\u00e9couvrez nos insights<\/a><\/h1>\r\n<\/div>\r\n\r\n\r\n\r\n<div class=\"wp-block-column\">\r\n<h1 style=\"text-align: right;\"><a href=\"http:\/\/lily-perf.com\/lb170293-ovh\/fr-contact\/\">Contactez-nous<\/a><\/h1>\r\n<\/div>\r\n<\/div>\r\n","protected":false},"excerpt":{"rendered":"<p>La fondatrice Afin d&#8217;aider les entreprises \u00e0 r\u00e9ussir le passage [&hellip;]<\/p>\n","protected":false},"author":1,"featured_media":0,"parent":0,"menu_order":0,"comment_status":"closed","ping_status":"closed","template":"","meta":[],"_links":{"self":[{"href":"https:\/\/lily-perf.com\/lb170293-ovh\/wp-json\/wp\/v2\/pages\/523"}],"collection":[{"href":"https:\/\/lily-perf.com\/lb170293-ovh\/wp-json\/wp\/v2\/pages"}],"about":[{"href":"https:\/\/lily-perf.com\/lb170293-ovh\/wp-json\/wp\/v2\/types\/page"}],"author":[{"embeddable":true,"href":"https:\/\/lily-perf.com\/lb170293-ovh\/wp-json\/wp\/v2\/users\/1"}],"replies":[{"embeddable":true,"href":"https:\/\/lily-perf.com\/lb170293-ovh\/wp-json\/wp\/v2\/comments?post=523"}],"version-history":[{"count":15,"href":"https:\/\/lily-perf.com\/lb170293-ovh\/wp-json\/wp\/v2\/pages\/523\/revisions"}],"predecessor-version":[{"id":1156,"href":"https:\/\/lily-perf.com\/lb170293-ovh\/wp-json\/wp\/v2\/pages\/523\/revisions\/1156"}],"wp:attachment":[{"href":"https:\/\/lily-perf.com\/lb170293-ovh\/wp-json\/wp\/v2\/media?parent=523"}],"curies":[{"name":"wp","href":"https:\/\/api.w.org\/{rel}","templated":true}]}}