{"id":460,"date":"2019-08-07T01:01:17","date_gmt":"2019-08-06T23:01:17","guid":{"rendered":"http:\/\/lily-perf.com\/lb170293-ovh\/?page_id=460"},"modified":"2019-08-12T19:37:32","modified_gmt":"2019-08-12T17:37:32","slug":"fr-who-we-are-teams","status":"publish","type":"page","link":"https:\/\/lily-perf.com\/lb170293-ovh\/fr\/fr-who-we-are-teams\/","title":{"rendered":"Notre \u00e9quipe"},"content":{"rendered":"<hr class=\"wp-block-separator is-style-wide\" \/>\r\n\r\n\r\n<h2><span style=\"color: #00a13a;\">Brigitte Le Borgne<\/span><\/h2>\r\n\r\n\r\n\r\n<div class=\"wp-block-media-text alignwide\" style=\"grid-template-columns: 30% auto;\">\r\n<figure class=\"wp-block-media-text__media\"><img loading=\"lazy\" width=\"474\" height=\"440\" class=\"wp-image-462\" src=\"http:\/\/lily-perf.com\/lb170293-ovh\/wp-content\/uploads\/2019\/07\/Profil_BrigitteLeBorgne-e1563293545588.jpg\" alt=\"\" srcset=\"https:\/\/lily-perf.com\/lb170293-ovh\/wp-content\/uploads\/2019\/07\/Profil_BrigitteLeBorgne-e1563293545588-200x186.jpg 200w, https:\/\/lily-perf.com\/lb170293-ovh\/wp-content\/uploads\/2019\/07\/Profil_BrigitteLeBorgne-e1563293545588-300x278.jpg 300w, https:\/\/lily-perf.com\/lb170293-ovh\/wp-content\/uploads\/2019\/07\/Profil_BrigitteLeBorgne-e1563293545588-400x371.jpg 400w, https:\/\/lily-perf.com\/lb170293-ovh\/wp-content\/uploads\/2019\/07\/Profil_BrigitteLeBorgne-e1563293545588.jpg 474w\" sizes=\"(max-width: 474px) 100vw, 474px\" \/><\/figure>\r\n<div class=\"wp-block-media-text__content\">\r\n<p style=\"text-align: left;\">En 2017, Brigitte Le Borgne a fond\u00e9 la marque de conseil Lily-Perf, afin d&#8217;aider les entreprises \u00e0 r\u00e9ussir le passage de leurs <strong>caps de d\u00e9veloppement<\/strong>.<\/p>\r\n\r\n\r\n\r\n<p>Elle intervient ainsi sur trois enjeux:<\/p>\r\n<ul>\r\n<li>L&#8217;ex\u00e9cution de la strat\u00e9gie,<\/li>\r\n<li>La performance de cash,<\/li>\r\n<li>L&#8217;internationalisation de l&#8217;entreprise.<\/li>\r\n<\/ul>\r\n<\/div>\r\n<\/div>\r\n\r\n\r\n\r\n\r\n\r\n<p>&nbsp;<\/p>\r\n<p>A ce titre, elle a rejoint le r\u00e9seau de soutien au business d\u00e9veloppement international, <strong>IBG Global<\/strong>, implant\u00e9 dans 53 pays, en qualit\u00e9 d&#8217;Equity Partner.<\/p>\r\n\r\n\r\n\r\n<p>Ceci lui permet d&#8217;intervenir de l&#8217;amont du projet d&#8217;internationalisation jusqu&#8217;\u00e0 sa mise en oeuvre (go-to-market).<\/p>\r\n\r\n\r\n\r\n<p>Pr\u00e9c\u00e9demment DG des Op\u00e9rations et DAF dans des groupes internationaux c\u00f4t\u00e9s et sous LBO, elle a \u00e9t\u00e9 motrice de <strong>nombreuses transformations<\/strong> au sein d&#8217;environnements exigeants.<\/p>\r\n\r\n\r\n<hr class=\"wp-block-separator\" \/>\r\n\r\n\r\n<div class=\"wp-block-media-text alignwide has-media-on-the-right\" style=\"grid-template-columns: auto 40%;\">\r\n<figure class=\"wp-block-media-text__media\"><img loading=\"lazy\" width=\"610\" height=\"389\" class=\"wp-image-528\" src=\"http:\/\/lily-perf.com\/lb170293-ovh\/wp-content\/uploads\/2019\/07\/Logo-Lily-Perf.png\" alt=\"\" srcset=\"https:\/\/lily-perf.com\/lb170293-ovh\/wp-content\/uploads\/2019\/07\/Logo-Lily-Perf-200x128.png 200w, https:\/\/lily-perf.com\/lb170293-ovh\/wp-content\/uploads\/2019\/07\/Logo-Lily-Perf-300x191.png 300w, https:\/\/lily-perf.com\/lb170293-ovh\/wp-content\/uploads\/2019\/07\/Logo-Lily-Perf-400x255.png 400w, https:\/\/lily-perf.com\/lb170293-ovh\/wp-content\/uploads\/2019\/07\/Logo-Lily-Perf-600x383.png 600w, https:\/\/lily-perf.com\/lb170293-ovh\/wp-content\/uploads\/2019\/07\/Logo-Lily-Perf.png 610w\" sizes=\"(max-width: 610px) 100vw, 610px\" \/><\/figure>\r\n<div class=\"wp-block-media-text__content\">\r\n<p>Sa double exp\u00e9rience de l&#8217;op\u00e9rationnel et du conseil lui permet de d\u00e9velopper une approche pragmatique et agile, fond\u00e9e sur l&#8217;<span style=\"color: #00a13a;\"><strong>am\u00e9lioration progressive<\/strong><\/span> des pratiques et le <span style=\"color: #00a13a;\"><strong>transfert de savoir-faire<\/strong><\/span>.<\/p>\r\n\r\n\r\n\r\n<p>Elle a consacr\u00e9 plus d&#8217;un an \u00e0 la recherche et \u00e0 la formation pour la conception de la d\u00e9marche, et la mise en place de <strong>partenariats de confiance<\/strong>.<\/p>\r\n\r\n\r\n\r\n<p>Elle est \u00e9galement certifi\u00e9e en \u00e9valuation du style du leadership et des valeurs (Hogan) et en gouvernance (ESSEC). Elle est membre de plusieurs r\u00e9seaux de dirigeants et d&#8217;organisations professionnelles en France.<\/p>\r\n<\/div>\r\n<\/div>\r\n\r\n\r\n<hr class=\"wp-block-separator is-style-wide\" \/>\r\n\r\n\r\n<h2><span style=\"color: #00a13a;\">Nos partenaires<\/span><\/h2>\r\n\r\n\r\n\r\n<div class=\"wp-block-columns has-4-columns\">\r\n<div class=\"wp-block-column\">\r\n<div class=\"wp-block-spacer\" style=\"height: 20px;\" aria-hidden=\"true\">\u00a0<\/div>\r\n\r\n\r\n\r\n<div class=\"wp-block-image\">\r\n<figure class=\"aligncenter\"><img loading=\"lazy\" width=\"640\" height=\"435\" class=\"wp-image-508\" src=\"http:\/\/lily-perf.com\/lb170293-ovh\/wp-content\/uploads\/2019\/07\/ibg-global-logo-6-002.jpeg\" alt=\"\" srcset=\"https:\/\/lily-perf.com\/lb170293-ovh\/wp-content\/uploads\/2019\/07\/ibg-global-logo-6-002-200x136.jpeg 200w, https:\/\/lily-perf.com\/lb170293-ovh\/wp-content\/uploads\/2019\/07\/ibg-global-logo-6-002-300x204.jpeg 300w, https:\/\/lily-perf.com\/lb170293-ovh\/wp-content\/uploads\/2019\/07\/ibg-global-logo-6-002-400x272.jpeg 400w, https:\/\/lily-perf.com\/lb170293-ovh\/wp-content\/uploads\/2019\/07\/ibg-global-logo-6-002-600x408.jpeg 600w, https:\/\/lily-perf.com\/lb170293-ovh\/wp-content\/uploads\/2019\/07\/ibg-global-logo-6-002.jpeg 640w\" sizes=\"(max-width: 640px) 100vw, 640px\" \/><\/figure>\r\n<\/div>\r\n<\/div>\r\n\r\n\r\n\r\n<div class=\"wp-block-column\">\r\n<div class=\"wp-block-spacer\" style=\"height: 80px;\" aria-hidden=\"true\">\u00a0<\/div>\r\n\r\n\r\n\r\n<div class=\"wp-block-image\">\r\n<figure class=\"aligncenter\"><img loading=\"lazy\" width=\"1024\" height=\"233\" class=\"wp-image-994\" src=\"http:\/\/lily-perf.com\/lb170293-ovh\/wp-content\/uploads\/2019\/07\/STRATEXIO_LOGO-1024x233.jpg\" alt=\"\" srcset=\"https:\/\/lily-perf.com\/lb170293-ovh\/wp-content\/uploads\/2019\/07\/STRATEXIO_LOGO-200x45.jpg 200w, https:\/\/lily-perf.com\/lb170293-ovh\/wp-content\/uploads\/2019\/07\/STRATEXIO_LOGO-300x68.jpg 300w, https:\/\/lily-perf.com\/lb170293-ovh\/wp-content\/uploads\/2019\/07\/STRATEXIO_LOGO-400x91.jpg 400w, https:\/\/lily-perf.com\/lb170293-ovh\/wp-content\/uploads\/2019\/07\/STRATEXIO_LOGO-600x136.jpg 600w, https:\/\/lily-perf.com\/lb170293-ovh\/wp-content\/uploads\/2019\/07\/STRATEXIO_LOGO-768x174.jpg 768w, https:\/\/lily-perf.com\/lb170293-ovh\/wp-content\/uploads\/2019\/07\/STRATEXIO_LOGO-800x182.jpg 800w, https:\/\/lily-perf.com\/lb170293-ovh\/wp-content\/uploads\/2019\/07\/STRATEXIO_LOGO-1024x233.jpg 1024w, https:\/\/lily-perf.com\/lb170293-ovh\/wp-content\/uploads\/2019\/07\/STRATEXIO_LOGO-1200x273.jpg 1200w, https:\/\/lily-perf.com\/lb170293-ovh\/wp-content\/uploads\/2019\/07\/STRATEXIO_LOGO.jpg 5314w\" sizes=\"(max-width: 1024px) 100vw, 1024px\" \/><\/figure>\r\n<\/div>\r\n<\/div>\r\n\r\n\r\n\r\n<div class=\"wp-block-column\">\r\n<div class=\"wp-block-image\">\r\n<figure class=\"aligncenter\"><img loading=\"lazy\" class=\"alignnone wp-image-1023 size-full\" src=\"http:\/\/lily-perf.com\/lb170293-ovh\/wp-content\/uploads\/2019\/08\/Logo-Levvel-Consulting-2.png\" alt=\"\" width=\"602\" height=\"420\" srcset=\"https:\/\/lily-perf.com\/lb170293-ovh\/wp-content\/uploads\/2019\/08\/Logo-Levvel-Consulting-2-200x140.png 200w, https:\/\/lily-perf.com\/lb170293-ovh\/wp-content\/uploads\/2019\/08\/Logo-Levvel-Consulting-2-300x209.png 300w, https:\/\/lily-perf.com\/lb170293-ovh\/wp-content\/uploads\/2019\/08\/Logo-Levvel-Consulting-2-400x279.png 400w, https:\/\/lily-perf.com\/lb170293-ovh\/wp-content\/uploads\/2019\/08\/Logo-Levvel-Consulting-2-600x419.png 600w, https:\/\/lily-perf.com\/lb170293-ovh\/wp-content\/uploads\/2019\/08\/Logo-Levvel-Consulting-2.png 602w\" sizes=\"(max-width: 602px) 100vw, 602px\" \/><\/figure>\r\n<\/div>\r\n<\/div>\r\n\r\n\r\n\r\n<div class=\"wp-block-column\">\r\n<div class=\"wp-block-image\">\r\n<figure class=\"aligncenter\"><img loading=\"lazy\" width=\"400\" height=\"400\" class=\"wp-image-992\" src=\"http:\/\/lily-perf.com\/lb170293-ovh\/wp-content\/uploads\/2019\/07\/Logo-Expert-Connect.png\" alt=\"\" srcset=\"https:\/\/lily-perf.com\/lb170293-ovh\/wp-content\/uploads\/2019\/07\/Logo-Expert-Connect-66x66.png 66w, https:\/\/lily-perf.com\/lb170293-ovh\/wp-content\/uploads\/2019\/07\/Logo-Expert-Connect-150x150.png 150w, https:\/\/lily-perf.com\/lb170293-ovh\/wp-content\/uploads\/2019\/07\/Logo-Expert-Connect-200x200.png 200w, https:\/\/lily-perf.com\/lb170293-ovh\/wp-content\/uploads\/2019\/07\/Logo-Expert-Connect-300x300.png 300w, https:\/\/lily-perf.com\/lb170293-ovh\/wp-content\/uploads\/2019\/07\/Logo-Expert-Connect.png 400w\" sizes=\"(max-width: 400px) 100vw, 400px\" \/><\/figure>\r\n<\/div>\r\n<\/div>\r\n<\/div>\r\n\r\n\r\n\r\n<div class=\"wp-block-button aligncenter\"><a class=\"wp-block-button__link has-background\" style=\"background-color: #575756;\" href=\"http:\/\/lily-perf.com\/lb170293-ovh\/fr-who-we-are\/\">Qui nous sommes<\/a><\/div>\r\n","protected":false},"excerpt":{"rendered":"<p>Brigitte Le Borgne En 2017, Brigitte Le Borgne a fond\u00e9 [&hellip;]<\/p>\n","protected":false},"author":1,"featured_media":0,"parent":0,"menu_order":0,"comment_status":"closed","ping_status":"closed","template":"","meta":[],"_links":{"self":[{"href":"https:\/\/lily-perf.com\/lb170293-ovh\/wp-json\/wp\/v2\/pages\/460"}],"collection":[{"href":"https:\/\/lily-perf.com\/lb170293-ovh\/wp-json\/wp\/v2\/pages"}],"about":[{"href":"https:\/\/lily-perf.com\/lb170293-ovh\/wp-json\/wp\/v2\/types\/page"}],"author":[{"embeddable":true,"href":"https:\/\/lily-perf.com\/lb170293-ovh\/wp-json\/wp\/v2\/users\/1"}],"replies":[{"embeddable":true,"href":"https:\/\/lily-perf.com\/lb170293-ovh\/wp-json\/wp\/v2\/comments?post=460"}],"version-history":[{"count":43,"href":"https:\/\/lily-perf.com\/lb170293-ovh\/wp-json\/wp\/v2\/pages\/460\/revisions"}],"predecessor-version":[{"id":1161,"href":"https:\/\/lily-perf.com\/lb170293-ovh\/wp-json\/wp\/v2\/pages\/460\/revisions\/1161"}],"wp:attachment":[{"href":"https:\/\/lily-perf.com\/lb170293-ovh\/wp-json\/wp\/v2\/media?parent=460"}],"curies":[{"name":"wp","href":"https:\/\/api.w.org\/{rel}","templated":true}]}}