{"id":456,"date":"2019-08-07T01:01:19","date_gmt":"2019-08-06T23:01:19","guid":{"rendered":"http:\/\/lily-perf.com\/lb170293-ovh\/?page_id=456"},"modified":"2019-08-10T17:56:42","modified_gmt":"2019-08-10T15:56:42","slug":"fr-who-we-are-offer","status":"publish","type":"page","link":"https:\/\/lily-perf.com\/lb170293-ovh\/fr\/fr-who-we-are-offer\/","title":{"rendered":"Notre offre"},"content":{"rendered":"<h1><span style=\"color: #00a13a;\">Notre proposition de valeur<\/span><\/h1>\r\n<p>&nbsp;<\/p>\r\n\r\n<div class=\"wp-block-media-text alignwide\" style=\"grid-template-columns: 35% auto;\">\r\n<figure class=\"wp-block-media-text__media\"><img loading=\"lazy\" class=\"alignnone wp-image-545 size-full\" src=\"http:\/\/lily-perf.com\/lb170293-ovh\/wp-content\/uploads\/2019\/07\/shutterstock_354671135-1-e1563386740471.jpg\" alt=\"\" width=\"1771\" height=\"4320\" srcset=\"https:\/\/lily-perf.com\/lb170293-ovh\/wp-content\/uploads\/2019\/07\/shutterstock_354671135-1-e1563386740471-123x300.jpg 123w, https:\/\/lily-perf.com\/lb170293-ovh\/wp-content\/uploads\/2019\/07\/shutterstock_354671135-1-e1563386740471-200x488.jpg 200w, https:\/\/lily-perf.com\/lb170293-ovh\/wp-content\/uploads\/2019\/07\/shutterstock_354671135-1-e1563386740471-400x976.jpg 400w, https:\/\/lily-perf.com\/lb170293-ovh\/wp-content\/uploads\/2019\/07\/shutterstock_354671135-1-e1563386740471-420x1024.jpg 420w, https:\/\/lily-perf.com\/lb170293-ovh\/wp-content\/uploads\/2019\/07\/shutterstock_354671135-1-e1563386740471-600x1464.jpg 600w, https:\/\/lily-perf.com\/lb170293-ovh\/wp-content\/uploads\/2019\/07\/shutterstock_354671135-1-e1563386740471-768x1873.jpg 768w, https:\/\/lily-perf.com\/lb170293-ovh\/wp-content\/uploads\/2019\/07\/shutterstock_354671135-1-e1563386740471-800x1951.jpg 800w, https:\/\/lily-perf.com\/lb170293-ovh\/wp-content\/uploads\/2019\/07\/shutterstock_354671135-1-e1563386740471-1200x2927.jpg 1200w, https:\/\/lily-perf.com\/lb170293-ovh\/wp-content\/uploads\/2019\/07\/shutterstock_354671135-1-e1563386740471.jpg 1771w\" sizes=\"(max-width: 1771px) 100vw, 1771px\" \/><\/figure>\r\n<div class=\"wp-block-media-text__content\"> <style type=\"text\/css\" scoped=\"scoped\">.fusion-accordian  #accordion-456-1 .panel-title a .fa-fusion-box{ color: #ffffff;}.fusion-accordian  #accordion-456-1 .panel-title a .fa-fusion-box:before{ font-size: 30px; width: 30px;}.fusion-accordian  #accordion-456-1 .panel-title a{font-size:30px;}.fusion-accordian  #accordion-456-1 .fa-fusion-box { background-color: #333333;border-color: #333333;}.fusion-accordian  #accordion-456-1 .panel-title a:hover, #accordion-456-1 .fusion-toggle-boxed-mode:hover .panel-title a { color: #00a13a;}.fusion-accordian  #accordion-456-1 .panel-title .active .fa-fusion-box,.fusion-accordian  #accordion-456-1 .panel-title a:hover .fa-fusion-box { background-color: #00a13a!important;border-color: #00a13a!important;}<\/style><div class=\"accordian fusion-accordian\"><div class=\"panel-group\" id=\"accordion-456-1\"><div class=\"fusion-panel panel-default\"><div class=\"panel-heading\"><h4 class=\"panel-title toggle\"><a class=\"active\" data-toggle=\"collapse\" data-parent=\"#accordion-456-1\" data-target=\"#093c2a7dd4e7d7f99\" href=\"#093c2a7dd4e7d7f99\"><div class=\"fusion-toggle-icon-wrapper\"><i class=\"fa-fusion-box\"><\/i><\/div><div class=\"fusion-toggle-heading\">D\u00e9velopper une relation de confiance<\/div><\/a><\/h4><\/div><div id=\"093c2a7dd4e7d7f99\" class=\"panel-collapse collapse in\"><div class=\"panel-body toggle-content fusion-clearfix\"> \r\n<div class=\"wp-block-media-text alignwide\" style=\"grid-template-columns: 30% auto;\">\r\n<figure class=\"wp-block-media-text__media\"><img loading=\"lazy\" class=\"alignnone wp-image-409 size-medium\" src=\"http:\/\/lily-perf.com\/lb170293-ovh\/wp-content\/uploads\/2019\/07\/Icon_greetingpeople-286x300.png\" alt=\"\" width=\"286\" height=\"300\" \/><\/figure>\r\n<div class=\"wp-block-media-text__content\">\r\n<p style=\"text-align: left;\"><strong>Ce que nous faisons:<\/strong> d\u00e9velopper une relation de confiance avec nos interlocuteurs, \u00e9couter attentivement et questionner.<\/p>\r\n\r\n\r\n\r\n<p><strong>Ce que nous apportons:<\/strong> l&#8217;\u00e9mergence des points de <strong><span style=\"color: #cc1b1a;\">friction<\/span><\/strong> et de <span style=\"color: #cc1b1a;\"><strong>blocage<\/strong><\/span> \u00e0 r\u00e9soudre. <\/p>\r\n<\/div>\r\n<\/div>\r\n <\/div><\/div><\/div><div class=\"fusion-panel panel-default\"><div class=\"panel-heading\"><h4 class=\"panel-title toggle\"><a data-toggle=\"collapse\" data-parent=\"#accordion-456-1\" data-target=\"#c851b06102999cf80\" href=\"#c851b06102999cf80\"><div class=\"fusion-toggle-icon-wrapper\"><i class=\"fa-fusion-box\"><\/i><\/div><div class=\"fusion-toggle-heading\">Analyser vos d\u00e9fis du moment<\/div><\/a><\/h4><\/div><div id=\"c851b06102999cf80\" class=\"panel-collapse collapse \"><div class=\"panel-body toggle-content fusion-clearfix\"> \r\n<div class=\"wp-block-media-text alignwide has-media-on-the-right\" style=\"grid-template-columns: 70% auto;\">\r\n<figure class=\"wp-block-media-text__media\"><img loading=\"lazy\" class=\"alignnone wp-image-872 size-medium\" src=\"http:\/\/lily-perf.com\/lb170293-ovh\/wp-content\/uploads\/2019\/07\/Icon_lamp-300x287.png\" alt=\"\" width=\"300\" height=\"287\" \/><\/figure>\r\n<div class=\"wp-block-media-text__content\">\r\n<p style=\"text-align: left;\"><strong>Ce que nous faisons:<\/strong> poser un regard <span style=\"color: #00a13a;\"><strong>aguerri<\/strong><\/span> et <strong><span style=\"color: #00a13a;\">neutre<\/span><\/strong> sur vos d\u00e9fis du moment.<\/p>\r\n\r\n\r\n\r\n<p><strong>Ce que nous apportons:<\/strong> la mise en lumi\u00e8re de leur impact sur le potentiel de d\u00e9veloppement et sur la performance. <\/p>\r\n<\/div>\r\n<\/div>\r\n <\/div><\/div><\/div><div class=\"fusion-panel panel-default\"><div class=\"panel-heading\"><h4 class=\"panel-title toggle\"><a data-toggle=\"collapse\" data-parent=\"#accordion-456-1\" data-target=\"#7eff6c96612507faf\" href=\"#7eff6c96612507faf\"><div class=\"fusion-toggle-icon-wrapper\"><i class=\"fa-fusion-box\"><\/i><\/div><div class=\"fusion-toggle-heading\">Appuyer sur vos points forts<\/div><\/a><\/h4><\/div><div id=\"7eff6c96612507faf\" class=\"panel-collapse collapse \"><div class=\"panel-body toggle-content fusion-clearfix\"> \r\n<div class=\"wp-block-media-text alignwide\" style=\"grid-template-columns: 30% auto;\">\r\n<figure class=\"wp-block-media-text__media\"><img loading=\"lazy\" class=\"alignnone wp-image-945 size-medium\" src=\"http:\/\/lily-perf.com\/lb170293-ovh\/wp-content\/uploads\/2019\/07\/Icon_gearlever-300x277.png\" alt=\"\" width=\"300\" height=\"277\" \/><\/figure>\r\n<div class=\"wp-block-media-text__content\">\r\n<p style=\"text-align: left;\"><strong>Ce que nous faisons:<\/strong> appuyer sur vos points forts et leviers de d\u00e9veloppement.<\/p>\r\n\r\n\r\n\r\n<p><strong>Ce que nous apportons:<\/strong> des outils et un momentum pour <strong><span style=\"color: #00a13a;\">affirmer la vision<\/span><\/strong>, fixer le <strong><span style=\"color: #00a13a;\">cap strat\u00e9gique<\/span><\/strong> et <strong><span style=\"color: #00a13a;\">mobiliser les \u00e9quipes<\/span><\/strong>. <\/p>\r\n<\/div>\r\n<\/div>\r\n <\/div><\/div><\/div><div class=\"fusion-panel panel-default\"><div class=\"panel-heading\"><h4 class=\"panel-title toggle\"><a data-toggle=\"collapse\" data-parent=\"#accordion-456-1\" data-target=\"#e837bd2369638d558\" href=\"#e837bd2369638d558\"><div class=\"fusion-toggle-icon-wrapper\"><i class=\"fa-fusion-box\"><\/i><\/div><div class=\"fusion-toggle-heading\">Guider votre internationalisation<\/div><\/a><\/h4><\/div><div id=\"e837bd2369638d558\" class=\"panel-collapse collapse \"><div class=\"panel-body toggle-content fusion-clearfix\"> \r\n<div class=\"wp-block-media-text alignwide has-media-on-the-right\" style=\"grid-template-columns: 70% auto;\">\r\n<figure class=\"wp-block-media-text__media\"><img loading=\"lazy\" class=\"alignnone wp-image-600 size-medium\" src=\"http:\/\/lily-perf.com\/lb170293-ovh\/wp-content\/uploads\/2019\/07\/Icon_international-300x294.png\" alt=\"\" width=\"300\" height=\"294\" \/><\/figure>\r\n<div class=\"wp-block-media-text__content\">\r\n<p style=\"text-align: left;\"><strong>Ce que nous faisons:<\/strong> \u00e9clairer vos choix et vous guider dans vos choix d&#8217;internationalisation.<\/p>\r\n\r\n\r\n\r\n<p><strong>Ce que nous apportons:<\/strong> l&#8217;acc\u00e8s \u00e0 un <strong><span style=\"color: #00a13a;\">r\u00e9seau de professionnels de l&#8217;accompagnement au d\u00e9veloppement business<\/span><\/strong>, couvrant plus de 50 pays. <\/p>\r\n<\/div>\r\n<\/div>\r\n <\/div><\/div><\/div><div class=\"fusion-panel panel-default\"><div class=\"panel-heading\"><h4 class=\"panel-title toggle\"><a data-toggle=\"collapse\" data-parent=\"#accordion-456-1\" data-target=\"#99f3cfabe54a4c57f\" href=\"#99f3cfabe54a4c57f\"><div class=\"fusion-toggle-icon-wrapper\"><i class=\"fa-fusion-box\"><\/i><\/div><div class=\"fusion-toggle-heading\">Evaluer la performance<\/div><\/a><\/h4><\/div><div id=\"99f3cfabe54a4c57f\" class=\"panel-collapse collapse \"><div class=\"panel-body toggle-content fusion-clearfix\"> \r\n<div class=\"wp-block-media-text alignwide\" style=\"grid-template-columns: 30% auto;\">\r\n<figure class=\"wp-block-media-text__media\"><img loading=\"lazy\" class=\"alignnone wp-image-601 size-medium\" src=\"http:\/\/lily-perf.com\/lb170293-ovh\/wp-content\/uploads\/2019\/07\/Icon_presentation-300x260.png\" alt=\"\" width=\"300\" height=\"260\" \/><\/figure>\r\n<div class=\"wp-block-media-text__content\">\r\n<p style=\"text-align: left;\"><strong>Ce que nous faisons:<\/strong> \u00e9valuer la performance de l&#8217;organisation et sa capacit\u00e9 \u00e0 soutenir la croissance attendue.<\/p>\r\n\r\n\r\n\r\n<p><strong>Ce que nous apportons:<\/strong> les fondamentaux pour d\u00e9velopper la collaboration, augmenter la productivit\u00e9 des op\u00e9rations, p\u00e9renniser les savoir-faire critiques et ainsi <strong><span style=\"color: #00a13a;\">s\u00e9curiser les projets de d\u00e9veloppement de l&#8217;entreprise<\/span><\/strong>. <\/p>\r\n<\/div>\r\n<\/div>\r\n <\/div><\/div><\/div><div class=\"fusion-panel panel-default\"><div class=\"panel-heading\"><h4 class=\"panel-title toggle\"><a data-toggle=\"collapse\" data-parent=\"#accordion-456-1\" data-target=\"#a9c39487df5947df1\" href=\"#a9c39487df5947df1\"><div class=\"fusion-toggle-icon-wrapper\"><i class=\"fa-fusion-box\"><\/i><\/div><div class=\"fusion-toggle-heading\">Optimiser votre performance de cash<\/div><\/a><\/h4><\/div><div id=\"a9c39487df5947df1\" class=\"panel-collapse collapse \"><div class=\"panel-body toggle-content fusion-clearfix\"> \r\n<div class=\"wp-block-media-text alignwide has-media-on-the-right\" style=\"grid-template-columns: 70% auto;\">\r\n<figure class=\"wp-block-media-text__media\"><img loading=\"lazy\" class=\"alignnone wp-image-607 size-medium\" src=\"http:\/\/lily-perf.com\/lb170293-ovh\/wp-content\/uploads\/2019\/07\/Icon_timemoney-300x287.png\" alt=\"\" width=\"300\" height=\"287\" \/><\/figure>\r\n<div class=\"wp-block-media-text__content\">\r\n<p style=\"text-align: left;\"><strong>Ce que nous faisons:<\/strong> montrer le chemin vers la g\u00e9n\u00e9ration optimis\u00e9e de cash.<\/p>\r\n\r\n\r\n\r\n<p><strong>Ce que nous apportons:<\/strong> des <strong><span style=\"color: #00a13a;\">bonnes pratiques<\/span><\/strong> par l&#8217;exemple, fruit d&#8217;exp\u00e9riences op\u00e9rationnelles multiples. <\/p>\r\n<\/div>\r\n<\/div>\r\n <\/div><\/div><\/div><div class=\"fusion-panel panel-default\"><div class=\"panel-heading\"><h4 class=\"panel-title toggle\"><a data-toggle=\"collapse\" data-parent=\"#accordion-456-1\" data-target=\"#5c06097fcc936c4b5\" href=\"#5c06097fcc936c4b5\"><div class=\"fusion-toggle-icon-wrapper\"><i class=\"fa-fusion-box\"><\/i><\/div><div class=\"fusion-toggle-heading\">Mettre en mouvement votre entreprise<\/div><\/a><\/h4><\/div><div id=\"5c06097fcc936c4b5\" class=\"panel-collapse collapse \"><div class=\"panel-body toggle-content fusion-clearfix\"> \r\n<div class=\"wp-block-media-text alignwide\" style=\"grid-template-columns: 30% auto;\">\r\n<figure class=\"wp-block-media-text__media\"><img loading=\"lazy\" class=\"alignnone wp-image-946 size-medium\" src=\"http:\/\/lily-perf.com\/lb170293-ovh\/wp-content\/uploads\/2019\/07\/Icon_rocketlaunch-237x300.png\" alt=\"\" width=\"237\" height=\"300\" \/><\/figure>\r\n<div class=\"wp-block-media-text__content\">\r\n<p style=\"text-align: left;\"><strong>Ce que nous faisons:<\/strong> conduire \u00e0 vos c\u00f4t\u00e9s la mise en mouvement, <strong><span style=\"color: #00a13a;\">pas \u00e0 pas<\/span><\/strong>.<\/p>\r\n\r\n\r\n\r\n<p><strong>Ce que nous apportons:<\/strong> la lib\u00e9ration de l&#8217;initiative des \u00e9quipes. Par une transformation <strong><span style=\"color: #00a13a;\">graduelle<\/span><\/strong> des pratiques, nous aidons \u00e0 p\u00e9renniser vos savoir-faire. <\/p>\r\n<\/div>\r\n<\/div>\r\n <\/div><\/div><\/div><div class=\"fusion-panel panel-default\"><div class=\"panel-heading\"><h4 class=\"panel-title toggle\"><a data-toggle=\"collapse\" data-parent=\"#accordion-456-1\" data-target=\"#cd74f914fd3205a79\" href=\"#cd74f914fd3205a79\"><div class=\"fusion-toggle-icon-wrapper\"><i class=\"fa-fusion-box\"><\/i><\/div><div class=\"fusion-toggle-heading\">Suivre l'ex\u00e9cution de votre plan<\/div><\/a><\/h4><\/div><div id=\"cd74f914fd3205a79\" class=\"panel-collapse collapse \"><div class=\"panel-body toggle-content fusion-clearfix\"> \r\n<div class=\"wp-block-media-text alignwide has-media-on-the-right\" style=\"grid-template-columns: 70% auto;\">\r\n<figure class=\"wp-block-media-text__media\"><img loading=\"lazy\" class=\"alignnone wp-image-747 size-medium\" src=\"http:\/\/lily-perf.com\/lb170293-ovh\/wp-content\/uploads\/2019\/07\/Icon_calendar-300x291.png\" alt=\"\" width=\"300\" height=\"291\" \/><\/figure>\r\n<div class=\"wp-block-media-text__content\">\r\n<p style=\"text-align: left;\"><strong>Ce que nous faisons:<\/strong> suivre le d\u00e9roul\u00e9 des plans d&#8217;action, valider avec vous les \u00e9tapes et la r\u00e9alisation des objectifs.<\/p>\r\n\r\n\r\n\r\n<p><strong>Ce que nous apportons: <span style=\"color: #00a13a;\">une vis\u00e9e et une m\u00e9thodologie \u00e9prouv\u00e9e<\/span><\/strong>. Un appui, s&#8217;il faut r\u00e9affirmer ou r\u00e9actualiser le cap. <\/p>\r\n<\/div>\r\n<\/div>\r\n <\/div><\/div><\/div><div class=\"fusion-panel panel-default\"><div class=\"panel-heading\"><h4 class=\"panel-title toggle\"><a data-toggle=\"collapse\" data-parent=\"#accordion-456-1\" data-target=\"#96a9031907aee189f\" href=\"#96a9031907aee189f\"><div class=\"fusion-toggle-icon-wrapper\"><i class=\"fa-fusion-box\"><\/i><\/div><div class=\"fusion-toggle-heading\">Cr\u00e9er un \u00e9cosyst\u00e8me de confiance<\/div><\/a><\/h4><\/div><div id=\"96a9031907aee189f\" class=\"panel-collapse collapse \"><div class=\"panel-body toggle-content fusion-clearfix\"> \r\n<div class=\"wp-block-media-text alignwide\" style=\"grid-template-columns: 30% auto;\">\r\n<figure class=\"wp-block-media-text__media\"><img loading=\"lazy\" class=\"alignnone wp-image-406 size-medium\" src=\"http:\/\/lily-perf.com\/lb170293-ovh\/wp-content\/uploads\/2019\/07\/Icon_shakinghands-300x214.png\" alt=\"\" width=\"300\" height=\"214\" \/><\/figure>\r\n<div class=\"wp-block-media-text__content\">\r\n<p style=\"text-align: left;\"><strong>Ce que nous faisons:<\/strong> nous entourer d&#8217;un \u00e9cosyst\u00e8me de confiance, rechercher en permanence de nouvelles solutions pour nos clients.<\/p>\r\n\r\n\r\n\r\n<p><strong>Ce que nous apportons:<\/strong><\/p>\r\n<ul>\r\n<li>Des <strong><span style=\"color: #00a13a;\">r\u00e9ponses<\/span><\/strong> \u00e0 vos <strong>enjeux complexes et de long terme<\/strong>.<\/li>\r\n<li>La fluidit\u00e9 d&#8217;une <strong><span style=\"color: #00a13a;\">relation directe<\/span><\/strong>.<\/li>\r\n<li>L&#8217;<span style=\"color: #00a13a;\"><strong>efficience<\/strong><\/span>, par la qualification et la coordination des intervenants que nous assurons pour vous. <\/li>\r\n<\/ul>\r\n<\/div>\r\n<\/div>\r\n <\/div><\/div><\/div><\/div><\/div> <\/div>\r\n<\/div>\r\n\r\n<p>&nbsp;<\/p>\r\n<p>&nbsp;<\/p>\r\n\r\n<div class=\"wp-block-button aligncenter\"><a class=\"wp-block-button__link has-background\" style=\"background-color: #575756;\" href=\"http:\/\/lily-perf.com\/lb170293-ovh\/fr-who-we-are\/\">Qui nous sommes<\/a><\/div>\r\n","protected":false},"excerpt":{"rendered":"<p>Notre proposition de valeur &nbsp; &nbsp; &nbsp;<\/p>\n","protected":false},"author":1,"featured_media":0,"parent":0,"menu_order":0,"comment_status":"closed","ping_status":"closed","template":"","meta":[],"_links":{"self":[{"href":"https:\/\/lily-perf.com\/lb170293-ovh\/wp-json\/wp\/v2\/pages\/456"}],"collection":[{"href":"https:\/\/lily-perf.com\/lb170293-ovh\/wp-json\/wp\/v2\/pages"}],"about":[{"href":"https:\/\/lily-perf.com\/lb170293-ovh\/wp-json\/wp\/v2\/types\/page"}],"author":[{"embeddable":true,"href":"https:\/\/lily-perf.com\/lb170293-ovh\/wp-json\/wp\/v2\/users\/1"}],"replies":[{"embeddable":true,"href":"https:\/\/lily-perf.com\/lb170293-ovh\/wp-json\/wp\/v2\/comments?post=456"}],"version-history":[{"count":29,"href":"https:\/\/lily-perf.com\/lb170293-ovh\/wp-json\/wp\/v2\/pages\/456\/revisions"}],"predecessor-version":[{"id":1030,"href":"https:\/\/lily-perf.com\/lb170293-ovh\/wp-json\/wp\/v2\/pages\/456\/revisions\/1030"}],"wp:attachment":[{"href":"https:\/\/lily-perf.com\/lb170293-ovh\/wp-json\/wp\/v2\/media?parent=456"}],"curies":[{"name":"wp","href":"https:\/\/api.w.org\/{rel}","templated":true}]}}