{"id":444,"date":"2019-08-07T01:00:47","date_gmt":"2019-08-06T23:00:47","guid":{"rendered":"http:\/\/lily-perf.com\/lb170293-ovh\/?page_id=444"},"modified":"2019-08-12T18:09:58","modified_gmt":"2019-08-12T16:09:58","slug":"fr-development-goals-cash","status":"publish","type":"page","link":"https:\/\/lily-perf.com\/lb170293-ovh\/fr\/fr-development-goals-cash\/","title":{"rendered":"La performance de cash"},"content":{"rendered":"\r\n<div class=\"wp-block-media-text alignwide\" style=\"grid-template-columns: 33% auto;\">\r\n<figure class=\"wp-block-media-text__media\"><img loading=\"lazy\" class=\"alignnone wp-image-807 size-full\" src=\"http:\/\/lily-perf.com\/lb170293-ovh\/wp-content\/uploads\/2019\/07\/shutterstock_693112600-1.jpg\" alt=\"\" width=\"4217\" height=\"4217\" srcset=\"https:\/\/lily-perf.com\/lb170293-ovh\/wp-content\/uploads\/2019\/07\/shutterstock_693112600-1-66x66.jpg 66w, https:\/\/lily-perf.com\/lb170293-ovh\/wp-content\/uploads\/2019\/07\/shutterstock_693112600-1-150x150.jpg 150w, https:\/\/lily-perf.com\/lb170293-ovh\/wp-content\/uploads\/2019\/07\/shutterstock_693112600-1-200x200.jpg 200w, https:\/\/lily-perf.com\/lb170293-ovh\/wp-content\/uploads\/2019\/07\/shutterstock_693112600-1-300x300.jpg 300w, https:\/\/lily-perf.com\/lb170293-ovh\/wp-content\/uploads\/2019\/07\/shutterstock_693112600-1-400x400.jpg 400w, https:\/\/lily-perf.com\/lb170293-ovh\/wp-content\/uploads\/2019\/07\/shutterstock_693112600-1-600x600.jpg 600w, https:\/\/lily-perf.com\/lb170293-ovh\/wp-content\/uploads\/2019\/07\/shutterstock_693112600-1-768x768.jpg 768w, https:\/\/lily-perf.com\/lb170293-ovh\/wp-content\/uploads\/2019\/07\/shutterstock_693112600-1-800x800.jpg 800w, https:\/\/lily-perf.com\/lb170293-ovh\/wp-content\/uploads\/2019\/07\/shutterstock_693112600-1-1024x1024.jpg 1024w, https:\/\/lily-perf.com\/lb170293-ovh\/wp-content\/uploads\/2019\/07\/shutterstock_693112600-1-1200x1200.jpg 1200w, https:\/\/lily-perf.com\/lb170293-ovh\/wp-content\/uploads\/2019\/07\/shutterstock_693112600-1.jpg 4217w\" sizes=\"(max-width: 4217px) 100vw, 4217px\" \/><\/figure>\r\n<div class=\"wp-block-media-text__content\">\r\n<h1 style=\"text-align: left;\">Le cash est <strong><span style=\"color: #00a13a;\">le carburant de votre croissance<\/span><\/strong>. Il existe <span style=\"color: #00a13a;\"><strong>3 leviers de g\u00e9n\u00e9ration de cash<\/strong><\/span>:<\/h1>\r\n<ul>\r\n<li style=\"text-align: left;\">\r\n<h1>R\u00e9duire le BFR au minimum,<\/h1>\r\n<\/li>\r\n<li>\r\n<h1>Une marge op\u00e9rationnelle qui finance la croissance,<\/h1>\r\n<\/li>\r\n<li>\r\n<h1>Une performance organisationnelle forte.<\/h1>\r\n<\/li>\r\n<\/ul>\r\n<h1>\r\n\r\n<\/h1>\r\n<\/div>\r\n<\/div>\r\n\r\n\r\n<hr class=\"wp-block-separator is-style-wide\" \/>\r\n\r\n\r\n<h2 class=\"has-text-color\" style=\"color: #00a13a; text-align: center;\">R\u00e9duire le BFR au minimum<\/h2>\r\n\r\n\r\n\r\n<div class=\"wp-block-media-text alignwide\">\r\n<figure class=\"wp-block-media-text__media\"><img loading=\"lazy\" width=\"1024\" height=\"768\" class=\"wp-image-288\" src=\"http:\/\/lily-perf.com\/lb170293-ovh\/wp-content\/uploads\/2019\/07\/shutterstock_129218234-1024x768.jpg\" alt=\"\" srcset=\"https:\/\/lily-perf.com\/lb170293-ovh\/wp-content\/uploads\/2019\/07\/shutterstock_129218234-200x150.jpg 200w, https:\/\/lily-perf.com\/lb170293-ovh\/wp-content\/uploads\/2019\/07\/shutterstock_129218234-300x225.jpg 300w, https:\/\/lily-perf.com\/lb170293-ovh\/wp-content\/uploads\/2019\/07\/shutterstock_129218234-400x300.jpg 400w, https:\/\/lily-perf.com\/lb170293-ovh\/wp-content\/uploads\/2019\/07\/shutterstock_129218234-600x450.jpg 600w, https:\/\/lily-perf.com\/lb170293-ovh\/wp-content\/uploads\/2019\/07\/shutterstock_129218234-768x576.jpg 768w, https:\/\/lily-perf.com\/lb170293-ovh\/wp-content\/uploads\/2019\/07\/shutterstock_129218234-800x600.jpg 800w, https:\/\/lily-perf.com\/lb170293-ovh\/wp-content\/uploads\/2019\/07\/shutterstock_129218234-1024x768.jpg 1024w, https:\/\/lily-perf.com\/lb170293-ovh\/wp-content\/uploads\/2019\/07\/shutterstock_129218234-1200x900.jpg 1200w, https:\/\/lily-perf.com\/lb170293-ovh\/wp-content\/uploads\/2019\/07\/shutterstock_129218234.jpg 5600w\" sizes=\"(max-width: 1024px) 100vw, 1024px\" \/><\/figure>\r\n<div class=\"wp-block-media-text__content\">\r\n<p style=\"text-align: left;\">Le BFR traduit le besoin de financement g\u00e9n\u00e9r\u00e9 par le d\u00e9calage temporel entre encaissements clients et d\u00e9caissements fournisseurs (cycle d&#8217;exploitation).<\/p>\r\n\r\n\r\n\r\n<p>Le BFR est intimement li\u00e9 \u00e0 la mesure et \u00e0 <span style=\"color: #00a13a;\"><strong>l&#8217;optimisation du temps<\/strong><\/span> de chaque op\u00e9ration. <\/p>\r\n<\/div>\r\n<\/div>\r\n\r\n\r\n<hr class=\"wp-block-separator is-style-wide\" \/>\r\n\r\n\r\n<h2 class=\"has-text-color\" style=\"color: #00a13a; text-align: center;\">Une marge op\u00e9rationnelle qui autofinance la croissance<\/h2>\r\n\r\n\r\n\r\n<div class=\"wp-block-media-text alignwide\" style=\"grid-template-columns: 31% auto;\">\r\n<figure class=\"wp-block-media-text__media\"><img loading=\"lazy\" class=\"alignnone wp-image-311 size-full\" src=\"http:\/\/lily-perf.com\/lb170293-ovh\/wp-content\/uploads\/2019\/07\/shutterstock_423264349-e1563537329801.jpg\" alt=\"\" width=\"2216\" height=\"2621\" srcset=\"https:\/\/lily-perf.com\/lb170293-ovh\/wp-content\/uploads\/2019\/07\/shutterstock_423264349-e1563537329801-200x237.jpg 200w, https:\/\/lily-perf.com\/lb170293-ovh\/wp-content\/uploads\/2019\/07\/shutterstock_423264349-e1563537329801-254x300.jpg 254w, https:\/\/lily-perf.com\/lb170293-ovh\/wp-content\/uploads\/2019\/07\/shutterstock_423264349-e1563537329801-400x473.jpg 400w, https:\/\/lily-perf.com\/lb170293-ovh\/wp-content\/uploads\/2019\/07\/shutterstock_423264349-e1563537329801-600x710.jpg 600w, https:\/\/lily-perf.com\/lb170293-ovh\/wp-content\/uploads\/2019\/07\/shutterstock_423264349-e1563537329801-768x908.jpg 768w, https:\/\/lily-perf.com\/lb170293-ovh\/wp-content\/uploads\/2019\/07\/shutterstock_423264349-e1563537329801-800x946.jpg 800w, https:\/\/lily-perf.com\/lb170293-ovh\/wp-content\/uploads\/2019\/07\/shutterstock_423264349-e1563537329801-866x1024.jpg 866w, https:\/\/lily-perf.com\/lb170293-ovh\/wp-content\/uploads\/2019\/07\/shutterstock_423264349-e1563537329801-1200x1419.jpg 1200w, https:\/\/lily-perf.com\/lb170293-ovh\/wp-content\/uploads\/2019\/07\/shutterstock_423264349-e1563537329801.jpg 2216w\" sizes=\"(max-width: 2216px) 100vw, 2216px\" \/><\/figure>\r\n<div class=\"wp-block-media-text__content\">\r\n<p style=\"text-align: left;\">Optimiser la marge tout au long du cycle de vie des produits\/services requiert, <strong>avant toute consid\u00e9ration technique<\/strong>:<\/p>\r\n\r\n\r\n\r\n<ul>\r\n<li>Une analyse fine des fondamentaux du business model,<\/li>\r\n<li>Leur transcription dans un vocabulaire commun et des indicateurs de pilotage largement partag\u00e9s,<\/li>\r\n<li>L&#8217;instauration d&#8217;un processus de pilotage structur\u00e9 et collaboratif des contrats commerciaux, qui permet leur application optimale pour l&#8217;entreprise, d\u00e8s la n\u00e9gociation jusqu&#8217;\u00e0 l&#8217;ach\u00e8vement. <\/li>\r\n<\/ul>\r\n<\/div>\r\n<\/div>\r\n<!-- \/wp:media-text -->\r\n\r\n<!-- wp:separator {\"className\":\"is-style-wide\"} --><hr class=\"wp-block-separator is-style-wide\" \/><!-- \/wp:separator -->\r\n\r\n<!-- wp:paragraph {\"align\":\"center\",\"customTextColor\":\"#00a13a\"} -->\r\n<h2 class=\"has-text-color\" style=\"color: #00a13a; text-align: center;\">Une performance organisationnelle forte<\/h2>\r\n<!-- \/wp:paragraph -->\r\n\r\n<!-- wp:paragraph {\"align\":\"center\",\"customTextColor\":\"#ffffff\",\"customBackgroundColor\":\"#00a13a\"} -->\r\n<h1 class=\"has-text-color has-background\" style=\"background-color: #00a13a; color: #ffffff; text-align: center;\">Performance organisationnelle = (talents + \u00e9nergie + temps utile &#8211; complexit\u00e9) X \u00e9quipe<\/h1>\r\n<!-- \/wp:paragraph -->\r\n\r\n<!-- wp:media-text {\"mediaPosition\":\"right\",\"mediaId\":599,\"mediaType\":\"image\",\"mediaWidth\":78} -->\r\n<div class=\"wp-block-media-text alignwide\" style=\"grid-template-columns: auto 78%;\">\r\n<figure class=\"wp-block-media-text__media\"><img loading=\"lazy\" class=\"alignnone wp-image-825 size-full\" src=\"http:\/\/lily-perf.com\/lb170293-ovh\/wp-content\/uploads\/2019\/07\/shutterstock_105501173.jpg\" alt=\"\" width=\"3900\" height=\"3900\" srcset=\"https:\/\/lily-perf.com\/lb170293-ovh\/wp-content\/uploads\/2019\/07\/shutterstock_105501173-66x66.jpg 66w, https:\/\/lily-perf.com\/lb170293-ovh\/wp-content\/uploads\/2019\/07\/shutterstock_105501173-150x150.jpg 150w, https:\/\/lily-perf.com\/lb170293-ovh\/wp-content\/uploads\/2019\/07\/shutterstock_105501173-200x200.jpg 200w, https:\/\/lily-perf.com\/lb170293-ovh\/wp-content\/uploads\/2019\/07\/shutterstock_105501173-300x300.jpg 300w, https:\/\/lily-perf.com\/lb170293-ovh\/wp-content\/uploads\/2019\/07\/shutterstock_105501173-400x400.jpg 400w, https:\/\/lily-perf.com\/lb170293-ovh\/wp-content\/uploads\/2019\/07\/shutterstock_105501173-600x600.jpg 600w, https:\/\/lily-perf.com\/lb170293-ovh\/wp-content\/uploads\/2019\/07\/shutterstock_105501173-768x768.jpg 768w, https:\/\/lily-perf.com\/lb170293-ovh\/wp-content\/uploads\/2019\/07\/shutterstock_105501173-800x800.jpg 800w, https:\/\/lily-perf.com\/lb170293-ovh\/wp-content\/uploads\/2019\/07\/shutterstock_105501173-1024x1024.jpg 1024w, https:\/\/lily-perf.com\/lb170293-ovh\/wp-content\/uploads\/2019\/07\/shutterstock_105501173-1200x1200.jpg 1200w, https:\/\/lily-perf.com\/lb170293-ovh\/wp-content\/uploads\/2019\/07\/shutterstock_105501173.jpg 3900w\" sizes=\"(max-width: 3900px) 100vw, 3900px\" \/><\/figure>\r\n<div class=\"wp-block-media-text__content\"><!-- wp:paragraph {\"placeholder\":\"Contenu\u2026\"} -->\r\n<h2><strong>Talents:<\/strong><\/h2>\r\n<!-- \/wp:paragraph -->\r\n\r\n<!-- wp:paragraph -->\r\n<p>Attirer, recruter, retenir et d\u00e9velopper les talents est n\u00e9cessaire mais<strong><span style=\"color: #cc1b1a;\"> non suffisant<\/span><\/strong>.<\/p>\r\n<!-- \/wp:paragraph --><\/div>\r\n<\/div>\r\n<!-- \/wp:media-text -->\r\n\r\n<!-- wp:paragraph -->\r\n<p>&nbsp;<\/p>\r\n<h2><strong>Energie:<\/strong><\/h2>\r\n<!-- \/wp:paragraph -->\r\n\r\n<!-- wp:paragraph -->\r\n<p>Il est d\u00e9montr\u00e9 que seuls des salari\u00e9s engag\u00e9s dans le projet de l&#8217;entreprise mobilisent le niveau d&#8217;<strong><span style=\"color: #00a13a;\">\u00e9nergie<\/span><\/strong> requis pour sa r\u00e9ussite. La performance est directement li\u00e9e \u00e0 l&#8217;engagement des \u00e9quipes.<\/p>\r\n<p>&nbsp;<\/p>\r\n<!-- \/wp:paragraph -->\r\n\r\n<!-- wp:media-text {\"mediaId\":289,\"mediaType\":\"image\",\"mediaWidth\":22} -->\r\n<div class=\"wp-block-media-text alignwide\" style=\"grid-template-columns: 22% auto;\">\r\n<figure class=\"wp-block-media-text__media\"><img loading=\"lazy\" class=\"alignnone wp-image-289 size-full\" src=\"http:\/\/lily-perf.com\/lb170293-ovh\/wp-content\/uploads\/2019\/07\/shutterstock_378330202-e1563908702881.jpg\" alt=\"\" width=\"2812\" height=\"2812\" srcset=\"https:\/\/lily-perf.com\/lb170293-ovh\/wp-content\/uploads\/2019\/07\/shutterstock_378330202-e1563908702881-66x66.jpg 66w, https:\/\/lily-perf.com\/lb170293-ovh\/wp-content\/uploads\/2019\/07\/shutterstock_378330202-e1563908702881-150x150.jpg 150w, https:\/\/lily-perf.com\/lb170293-ovh\/wp-content\/uploads\/2019\/07\/shutterstock_378330202-e1563908702881-200x200.jpg 200w, https:\/\/lily-perf.com\/lb170293-ovh\/wp-content\/uploads\/2019\/07\/shutterstock_378330202-e1563908702881-300x300.jpg 300w, https:\/\/lily-perf.com\/lb170293-ovh\/wp-content\/uploads\/2019\/07\/shutterstock_378330202-e1563908702881-400x400.jpg 400w, https:\/\/lily-perf.com\/lb170293-ovh\/wp-content\/uploads\/2019\/07\/shutterstock_378330202-e1563908702881-600x600.jpg 600w, https:\/\/lily-perf.com\/lb170293-ovh\/wp-content\/uploads\/2019\/07\/shutterstock_378330202-e1563908702881-768x768.jpg 768w, https:\/\/lily-perf.com\/lb170293-ovh\/wp-content\/uploads\/2019\/07\/shutterstock_378330202-e1563908702881-800x800.jpg 800w, https:\/\/lily-perf.com\/lb170293-ovh\/wp-content\/uploads\/2019\/07\/shutterstock_378330202-e1563908702881-1024x1024.jpg 1024w, https:\/\/lily-perf.com\/lb170293-ovh\/wp-content\/uploads\/2019\/07\/shutterstock_378330202-e1563908702881-1200x1200.jpg 1200w, https:\/\/lily-perf.com\/lb170293-ovh\/wp-content\/uploads\/2019\/07\/shutterstock_378330202-e1563908702881.jpg 2812w\" sizes=\"(max-width: 2812px) 100vw, 2812px\" \/><\/figure>\r\n<div class=\"wp-block-media-text__content\"><!-- wp:paragraph -->\r\n<h2><strong>Temps utile:<\/strong><\/h2>\r\n<!-- \/wp:paragraph -->\r\n\r\n<!-- wp:paragraph -->\r\n<p>A niveau de ressources donn\u00e9, le temps est une donn\u00e9e intangible.<\/p>\r\n<p>Face \u00e0 la contingence des talents, il est donc fondamental de maximiser le <strong><span style=\"color: #00a13a;\">temps utile<\/span><\/strong>.<\/p>\r\n<!-- \/wp:paragraph --><\/div>\r\n<\/div>\r\n<!-- \/wp:media-text -->\r\n\r\n<!-- wp:paragraph -->\r\n<p>&nbsp;<\/p>\r\n<h2><strong>Complexit\u00e9:<\/strong><\/h2>\r\n<!-- \/wp:paragraph -->\r\n\r\n<!-- wp:paragraph -->\r\n<p>La croissance des ventes et des \u00e9quipes est source de <span style=\"color: #cc1b1a;\"><strong>complexit\u00e9<\/strong><\/span> pour l&#8217;entreprise: la performance de l&#8217;organisation devient alors un enjeux du succ\u00e8s. La complexit\u00e9 constitue un frein au d\u00e9veloppement, car:<\/p>\r\n<!-- \/wp:paragraph -->\r\n\r\n<!-- wp:media-text {\"mediaPosition\":\"right\",\"mediaId\":290,\"mediaType\":\"image\",\"mediaWidth\":22} -->\r\n<div class=\"wp-block-media-text alignwide has-media-on-the-right\" style=\"grid-template-columns: auto 22%;\">\r\n<figure class=\"wp-block-media-text__media\"><img loading=\"lazy\" width=\"1024\" height=\"1024\" class=\"wp-image-290\" src=\"http:\/\/lily-perf.com\/lb170293-ovh\/wp-content\/uploads\/2019\/07\/shutterstock_496380187-1024x1024.jpg\" alt=\"\" srcset=\"https:\/\/lily-perf.com\/lb170293-ovh\/wp-content\/uploads\/2019\/07\/shutterstock_496380187-66x66.jpg 66w, https:\/\/lily-perf.com\/lb170293-ovh\/wp-content\/uploads\/2019\/07\/shutterstock_496380187-150x150.jpg 150w, https:\/\/lily-perf.com\/lb170293-ovh\/wp-content\/uploads\/2019\/07\/shutterstock_496380187-200x200.jpg 200w, https:\/\/lily-perf.com\/lb170293-ovh\/wp-content\/uploads\/2019\/07\/shutterstock_496380187-300x300.jpg 300w, https:\/\/lily-perf.com\/lb170293-ovh\/wp-content\/uploads\/2019\/07\/shutterstock_496380187-400x400.jpg 400w, https:\/\/lily-perf.com\/lb170293-ovh\/wp-content\/uploads\/2019\/07\/shutterstock_496380187-600x600.jpg 600w, https:\/\/lily-perf.com\/lb170293-ovh\/wp-content\/uploads\/2019\/07\/shutterstock_496380187-768x768.jpg 768w, https:\/\/lily-perf.com\/lb170293-ovh\/wp-content\/uploads\/2019\/07\/shutterstock_496380187-800x800.jpg 800w, https:\/\/lily-perf.com\/lb170293-ovh\/wp-content\/uploads\/2019\/07\/shutterstock_496380187-1024x1024.jpg 1024w, https:\/\/lily-perf.com\/lb170293-ovh\/wp-content\/uploads\/2019\/07\/shutterstock_496380187-1200x1200.jpg 1200w, https:\/\/lily-perf.com\/lb170293-ovh\/wp-content\/uploads\/2019\/07\/shutterstock_496380187.jpg 5700w\" sizes=\"(max-width: 1024px) 100vw, 1024px\" \/><\/figure>\r\n<div class=\"wp-block-media-text__content\"><!-- wp:list -->\r\n<ul>\r\n<li>Elle dilue l&#8217;attention port\u00e9e au client,<\/li>\r\n<li>Elle ralentit la prise de d\u00e9cision,<\/li>\r\n<li>Elle d\u00e9responsabilise et d\u00e9motive,<\/li>\r\n<li>Elle impacte n\u00e9gativement l&#8217;agilit\u00e9.<\/li>\r\n<\/ul>\r\n<!-- \/wp:list -->\r\n\r\n<!-- wp:paragraph -->\r\n<p>In fine, la complexit\u00e9 <strong><span style=\"color: #cc1b1a;\">co\u00fbte cher<\/span><\/strong> \u00e0 l&#8217;entreprise.<\/p>\r\n<!-- \/wp:paragraph --><\/div>\r\n<\/div>\r\n<!-- \/wp:media-text -->\r\n\r\n<!-- wp:paragraph -->\r\n<p>&nbsp;<\/p>\r\n<h2><strong>L&#8217;\u00e9quipe:<\/strong><\/h2>\r\n<!-- \/wp:paragraph -->\r\n\r\n<!-- wp:paragraph -->\r\n<p>L&#8217;\u00e9quipe, lorsqu&#8217;elle fonctionne de mani\u00e8re optimale, est plus efficiente que la somme de ses membres; elle g\u00e9n\u00e8re des <strong><span style=\"color: #00a13a;\">synergies<\/span><\/strong>, favorise la prise d&#8217;initiative et est source de <strong><span style=\"color: #00a13a;\">cr\u00e9ativit\u00e9<\/span><\/strong>.<\/p>\r\n<!-- \/wp:paragraph -->\r\n\r\n<!-- wp:separator {\"className\":\"is-style-wide\"} --><hr class=\"wp-block-separator is-style-wide\" \/><!-- \/wp:separator -->\r\n\r\n<!-- wp:paragraph {\"customTextColor\":\"#00a13a\"} -->\r\n<h1 class=\"has-text-color\" style=\"color: #00a13a; text-align: center;\"><strong>Am\u00e9liorer la performance de cash requiert d&#8217;infuser et de faire vivre sans rel\u00e2che au sein de l&#8217;organisation une culture de la responsabilisation, de la collaboration et de la performance.\u00a0<\/strong><\/h1>\r\n<!-- \/wp:paragraph -->\r\n\r\n<!-- wp:columns -->\r\n<div class=\"wp-block-columns has-2-columns\"><!-- wp:column -->\r\n<div class=\"wp-block-column\"><!-- wp:button {\"customBackgroundColor\":\"#575756\",\"align\":\"right\"} -->\r\n<div class=\"wp-block-button alignright\"><a class=\"wp-block-button__link has-background\" style=\"background-color: #575756;\" href=\"http:\/\/lily-perf.com\/lb170293-ovh\/fr-who-we-are-offer\/\">D\u00e9couvrez notre offre<\/a><\/div>\r\n<!-- \/wp:button --><\/div>\r\n<!-- \/wp:column -->\r\n\r\n<!-- wp:column -->\r\n<div class=\"wp-block-column\"><!-- wp:button {\"customBackgroundColor\":\"#575756\"} -->\r\n<div class=\"wp-block-button\"><a class=\"wp-block-button__link has-background\" style=\"background-color: #575756;\" href=\"http:\/\/lily-perf.com\/lb170293-ovh\/fr-development-goals\/\">Vos enjeux de d\u00e9veloppement<\/a><\/div>\r\n<!-- \/wp:button --><\/div>\r\n<!-- \/wp:column --><\/div>\r\n<!-- \/wp:columns -->","protected":false},"excerpt":{"rendered":"<p>Le cash est le carburant de votre croissance. Il existe [&hellip;]<\/p>\n","protected":false},"author":1,"featured_media":0,"parent":0,"menu_order":0,"comment_status":"closed","ping_status":"closed","template":"","meta":[],"_links":{"self":[{"href":"https:\/\/lily-perf.com\/lb170293-ovh\/wp-json\/wp\/v2\/pages\/444"}],"collection":[{"href":"https:\/\/lily-perf.com\/lb170293-ovh\/wp-json\/wp\/v2\/pages"}],"about":[{"href":"https:\/\/lily-perf.com\/lb170293-ovh\/wp-json\/wp\/v2\/types\/page"}],"author":[{"embeddable":true,"href":"https:\/\/lily-perf.com\/lb170293-ovh\/wp-json\/wp\/v2\/users\/1"}],"replies":[{"embeddable":true,"href":"https:\/\/lily-perf.com\/lb170293-ovh\/wp-json\/wp\/v2\/comments?post=444"}],"version-history":[{"count":43,"href":"https:\/\/lily-perf.com\/lb170293-ovh\/wp-json\/wp\/v2\/pages\/444\/revisions"}],"predecessor-version":[{"id":1138,"href":"https:\/\/lily-perf.com\/lb170293-ovh\/wp-json\/wp\/v2\/pages\/444\/revisions\/1138"}],"wp:attachment":[{"href":"https:\/\/lily-perf.com\/lb170293-ovh\/wp-json\/wp\/v2\/media?parent=444"}],"curies":[{"name":"wp","href":"https:\/\/api.w.org\/{rel}","templated":true}]}}