{"id":411,"date":"2019-08-07T00:59:50","date_gmt":"2019-08-06T22:59:50","guid":{"rendered":"http:\/\/lily-perf.com\/lb170293-ovh\/?page_id=411"},"modified":"2020-04-02T14:23:33","modified_gmt":"2020-04-02T12:23:33","slug":"fr-home","status":"publish","type":"page","link":"https:\/\/lily-perf.com\/lb170293-ovh\/fr\/fr-home\/","title":{"rendered":"Accueil"},"content":{"rendered":"\r\n<h1 style=\"text-align: center;\">Parce que votre entreprise \u00e9volue au sein d&#8217;un <span style=\"color: #cc1b1a;\"><strong>environnement exigeant<\/strong><\/span>,<\/h1>\r\n<h1 style=\"text-align: center;\">vous avez besoin de:<\/h1>\r\n\r\n\r\n\r\n<div class=\"wp-block-columns has-4-columns\">\r\n<div class=\"wp-block-column\">\r\n<figure class=\"wp-block-image\"><img loading=\"lazy\" class=\"alignnone wp-image-271 size-full\" src=\"http:\/\/lily-perf.com\/lb170293-ovh\/wp-content\/uploads\/2019\/07\/shutterstock_146516834-e1563878577116.jpg\" alt=\"\" width=\"2790\" height=\"3524\" srcset=\"https:\/\/lily-perf.com\/lb170293-ovh\/wp-content\/uploads\/2019\/07\/shutterstock_146516834-e1563878577116-200x253.jpg 200w, https:\/\/lily-perf.com\/lb170293-ovh\/wp-content\/uploads\/2019\/07\/shutterstock_146516834-e1563878577116-238x300.jpg 238w, https:\/\/lily-perf.com\/lb170293-ovh\/wp-content\/uploads\/2019\/07\/shutterstock_146516834-e1563878577116-400x505.jpg 400w, https:\/\/lily-perf.com\/lb170293-ovh\/wp-content\/uploads\/2019\/07\/shutterstock_146516834-e1563878577116-600x758.jpg 600w, https:\/\/lily-perf.com\/lb170293-ovh\/wp-content\/uploads\/2019\/07\/shutterstock_146516834-e1563878577116-768x970.jpg 768w, https:\/\/lily-perf.com\/lb170293-ovh\/wp-content\/uploads\/2019\/07\/shutterstock_146516834-e1563878577116-800x1010.jpg 800w, https:\/\/lily-perf.com\/lb170293-ovh\/wp-content\/uploads\/2019\/07\/shutterstock_146516834-e1563878577116-811x1024.jpg 811w, https:\/\/lily-perf.com\/lb170293-ovh\/wp-content\/uploads\/2019\/07\/shutterstock_146516834-e1563878577116-1200x1516.jpg 1200w, https:\/\/lily-perf.com\/lb170293-ovh\/wp-content\/uploads\/2019\/07\/shutterstock_146516834-e1563878577116.jpg 2790w\" sizes=\"(max-width: 2790px) 100vw, 2790px\" \/><\/figure>\r\n<\/div>\r\n\r\n\r\n\r\n<div class=\"wp-block-column\">\r\n<div class=\"wp-block-spacer\" style=\"height: 24px;\" aria-hidden=\"true\">\u00a0<\/div>\r\n\r\n\r\n\r\n<p class=\"has-text-color has-background\" style=\"background-color: #00a13a; color: #ffffff; text-align: center;\">Solidifier les fondamentaux de votre entreprise<\/p>\r\n\r\n\r\n\r\n<p class=\"has-text-color has-background\" style=\"background-color: #00a13a; color: #ffffff; text-align: center;\">R\u00e9soudre les challenges de la complexit\u00e9<\/p>\r\n<\/div>\r\n\r\n\r\n\r\n<div class=\"wp-block-column\">\r\n<div class=\"wp-block-spacer\" style=\"height: 24px;\" aria-hidden=\"true\">\u00a0<\/div>\r\n\r\n\r\n\r\n<p class=\"has-text-color has-background\" style=\"background-color: #00a13a; color: #ffffff; text-align: center;\">Lib\u00e9rer votre potentiel de croissance<\/p>\r\n\r\n\r\n\r\n<p class=\"has-text-color has-background\" style=\"background-color: #00a13a; color: #ffffff; text-align: center;\">Guider et soutenir la mobilisation des \u00e9quipes<\/p>\r\n<\/div>\r\n\r\n\r\n\r\n<div class=\"wp-block-column\">\r\n<div class=\"wp-block-image\">\r\n<figure class=\"aligncenter\"><img loading=\"lazy\" class=\"alignnone wp-image-757 size-full\" src=\"http:\/\/lily-perf.com\/lb170293-ovh\/wp-content\/uploads\/2019\/07\/shutterstock_128674913-e1563876835686.jpg\" alt=\"\" width=\"2752\" height=\"3479\" srcset=\"https:\/\/lily-perf.com\/lb170293-ovh\/wp-content\/uploads\/2019\/07\/shutterstock_128674913-e1563876835686-200x253.jpg 200w, https:\/\/lily-perf.com\/lb170293-ovh\/wp-content\/uploads\/2019\/07\/shutterstock_128674913-e1563876835686-237x300.jpg 237w, https:\/\/lily-perf.com\/lb170293-ovh\/wp-content\/uploads\/2019\/07\/shutterstock_128674913-e1563876835686-400x506.jpg 400w, https:\/\/lily-perf.com\/lb170293-ovh\/wp-content\/uploads\/2019\/07\/shutterstock_128674913-e1563876835686-600x759.jpg 600w, https:\/\/lily-perf.com\/lb170293-ovh\/wp-content\/uploads\/2019\/07\/shutterstock_128674913-e1563876835686-768x971.jpg 768w, https:\/\/lily-perf.com\/lb170293-ovh\/wp-content\/uploads\/2019\/07\/shutterstock_128674913-e1563876835686-800x1011.jpg 800w, https:\/\/lily-perf.com\/lb170293-ovh\/wp-content\/uploads\/2019\/07\/shutterstock_128674913-e1563876835686-810x1024.jpg 810w, https:\/\/lily-perf.com\/lb170293-ovh\/wp-content\/uploads\/2019\/07\/shutterstock_128674913-e1563876835686-1200x1517.jpg 1200w, https:\/\/lily-perf.com\/lb170293-ovh\/wp-content\/uploads\/2019\/07\/shutterstock_128674913-e1563876835686.jpg 2752w\" sizes=\"(max-width: 2752px) 100vw, 2752px\" \/><\/figure>\r\n<\/div>\r\n<\/div>\r\n<\/div>\r\n\r\n\r\n\r\n<div class=\"wp-block-button aligncenter\"><a class=\"wp-block-button__link has-background\" style=\"background-color: #575756;\" href=\"http:\/\/lily-perf.com\/lb170293-ovh\/fr-insights\/\">D\u00e9couvrez nos insights<\/a><\/div>\r\n\r\n\r\n<hr class=\"wp-block-separator is-style-wide\" \/>\r\n\r\n\r\n<div class=\"wp-block-columns has-3-columns\">\r\n<div class=\"wp-block-column\">\r\n<p>&nbsp;<\/p>\r\n\r\n\r\n\r\n<h1>NOTRE METIER:<\/h1>\r\n<p>Vous rendre plus forts pour franchir avec succ\u00e8s vos <strong><span style=\"color: #00a13a;\">caps de d\u00e9veloppement<\/span><\/strong> et performer durablement.<\/p>\r\n<p><\/p>\r\n<\/div>\r\n\r\n\r\n\r\n<div class=\"wp-block-column\">\r\n<div class=\"wp-block-image\">\r\n<figure class=\"aligncenter\"><img loading=\"lazy\" width=\"1024\" height=\"791\" class=\"wp-image-126\" src=\"http:\/\/lily-perf.com\/lb170293-ovh\/wp-content\/uploads\/2019\/06\/shutterstock_626630627-1024x791.jpg\" alt=\"\" srcset=\"https:\/\/lily-perf.com\/lb170293-ovh\/wp-content\/uploads\/2019\/06\/shutterstock_626630627-200x155.jpg 200w, https:\/\/lily-perf.com\/lb170293-ovh\/wp-content\/uploads\/2019\/06\/shutterstock_626630627-300x232.jpg 300w, https:\/\/lily-perf.com\/lb170293-ovh\/wp-content\/uploads\/2019\/06\/shutterstock_626630627-400x309.jpg 400w, https:\/\/lily-perf.com\/lb170293-ovh\/wp-content\/uploads\/2019\/06\/shutterstock_626630627-600x464.jpg 600w, https:\/\/lily-perf.com\/lb170293-ovh\/wp-content\/uploads\/2019\/06\/shutterstock_626630627-768x593.jpg 768w, https:\/\/lily-perf.com\/lb170293-ovh\/wp-content\/uploads\/2019\/06\/shutterstock_626630627-800x618.jpg 800w, https:\/\/lily-perf.com\/lb170293-ovh\/wp-content\/uploads\/2019\/06\/shutterstock_626630627-1024x791.jpg 1024w, https:\/\/lily-perf.com\/lb170293-ovh\/wp-content\/uploads\/2019\/06\/shutterstock_626630627-1200x927.jpg 1200w, https:\/\/lily-perf.com\/lb170293-ovh\/wp-content\/uploads\/2019\/06\/shutterstock_626630627.jpg 6600w\" sizes=\"(max-width: 1024px) 100vw, 1024px\" \/><\/figure>\r\n<\/div>\r\n<\/div>\r\n\r\n\r\n\r\n<div class=\"wp-block-column\">\r\n<p>&nbsp;<\/p>\r\n\r\n\r\n\r\n<p>Notre exp\u00e9rience op\u00e9rationnelle nous a convaincus que la p\u00e9rennit\u00e9 des savoir-faire &#8211; point d&#8217;ancrage de la croissance &#8211; s&#8217;acquiert uniquement par la <strong><span style=\"color: #00a13a;\">transformation pas-\u00e0-pas<\/span><\/strong>.<\/p>\r\n<\/div>\r\n<\/div>\r\n\r\n\r\n\r\n<div class=\"wp-block-button aligncenter\"><a class=\"wp-block-button__link has-background\" style=\"background-color: #575756;\" href=\"http:\/\/lily-perf.com\/lb170293-ovh\/fr-purpose\/\">Apprenez-en plus sur notre raison d&#8217;\u00eatre<\/a><\/div>\r\n\r\n\r\n<hr class=\"wp-block-separator is-style-wide\" \/>\r\n\r\n\r\n<h2 style=\"text-align: center;\">Nous intervenons sur 3 enjeux majeurs:<\/h2>\r\n\r\n\r\n\r\n<div class=\"wp-block-columns has-3-columns\">\r\n<div class=\"wp-block-column\">\r\n<p class=\"has-text-color has-background\" style=\"background-color: #00a13a; color: #ffffff; text-align: center;\"><a href=\"http:\/\/lily-perf.com\/lb170293-ovh\/fr-development-goals-strategy\/\">L&#8217;ex\u00e9cution de la strat\u00e9gie<\/a><\/p>\r\n\r\n\r\n\r\n<div class=\"wp-block-image\">\r\n<figure class=\"aligncenter\"><img loading=\"lazy\" width=\"1024\" height=\"640\" class=\"wp-image-275\" src=\"http:\/\/lily-perf.com\/lb170293-ovh\/wp-content\/uploads\/2019\/07\/shutterstock_740738278-1024x640.jpg\" alt=\"\" srcset=\"https:\/\/lily-perf.com\/lb170293-ovh\/wp-content\/uploads\/2019\/07\/shutterstock_740738278-200x125.jpg 200w, https:\/\/lily-perf.com\/lb170293-ovh\/wp-content\/uploads\/2019\/07\/shutterstock_740738278-300x188.jpg 300w, https:\/\/lily-perf.com\/lb170293-ovh\/wp-content\/uploads\/2019\/07\/shutterstock_740738278-400x250.jpg 400w, https:\/\/lily-perf.com\/lb170293-ovh\/wp-content\/uploads\/2019\/07\/shutterstock_740738278-600x375.jpg 600w, https:\/\/lily-perf.com\/lb170293-ovh\/wp-content\/uploads\/2019\/07\/shutterstock_740738278-768x480.jpg 768w, https:\/\/lily-perf.com\/lb170293-ovh\/wp-content\/uploads\/2019\/07\/shutterstock_740738278-800x500.jpg 800w, https:\/\/lily-perf.com\/lb170293-ovh\/wp-content\/uploads\/2019\/07\/shutterstock_740738278-1024x640.jpg 1024w, https:\/\/lily-perf.com\/lb170293-ovh\/wp-content\/uploads\/2019\/07\/shutterstock_740738278-1200x750.jpg 1200w, https:\/\/lily-perf.com\/lb170293-ovh\/wp-content\/uploads\/2019\/07\/shutterstock_740738278.jpg 3600w\" sizes=\"(max-width: 1024px) 100vw, 1024px\" \/><\/figure>\r\n<\/div>\r\n<\/div>\r\n\r\n\r\n\r\n<div class=\"wp-block-column\">\r\n<p class=\"has-text-color has-background\" style=\"background-color: #00a13a; color: #ffffff; text-align: center;\"><a href=\"http:\/\/lily-perf.com\/lb170293-ovh\/fr-development-goals-international\/\">L&#8217;internationalisation<\/a><\/p>\r\n\r\n\r\n\r\n<div class=\"wp-block-image\">\r\n<figure class=\"aligncenter\"><img loading=\"lazy\" width=\"1024\" height=\"640\" class=\"wp-image-276\" src=\"http:\/\/lily-perf.com\/lb170293-ovh\/wp-content\/uploads\/2019\/07\/shutterstock_107683022-1024x640.jpg\" alt=\"\" srcset=\"https:\/\/lily-perf.com\/lb170293-ovh\/wp-content\/uploads\/2019\/07\/shutterstock_107683022-200x125.jpg 200w, https:\/\/lily-perf.com\/lb170293-ovh\/wp-content\/uploads\/2019\/07\/shutterstock_107683022-300x188.jpg 300w, https:\/\/lily-perf.com\/lb170293-ovh\/wp-content\/uploads\/2019\/07\/shutterstock_107683022-400x250.jpg 400w, https:\/\/lily-perf.com\/lb170293-ovh\/wp-content\/uploads\/2019\/07\/shutterstock_107683022-600x375.jpg 600w, https:\/\/lily-perf.com\/lb170293-ovh\/wp-content\/uploads\/2019\/07\/shutterstock_107683022-768x480.jpg 768w, https:\/\/lily-perf.com\/lb170293-ovh\/wp-content\/uploads\/2019\/07\/shutterstock_107683022-800x500.jpg 800w, https:\/\/lily-perf.com\/lb170293-ovh\/wp-content\/uploads\/2019\/07\/shutterstock_107683022-1024x640.jpg 1024w, https:\/\/lily-perf.com\/lb170293-ovh\/wp-content\/uploads\/2019\/07\/shutterstock_107683022-1200x750.jpg 1200w, https:\/\/lily-perf.com\/lb170293-ovh\/wp-content\/uploads\/2019\/07\/shutterstock_107683022.jpg 3600w\" sizes=\"(max-width: 1024px) 100vw, 1024px\" \/><\/figure>\r\n<\/div>\r\n<\/div>\r\n\r\n\r\n\r\n<div class=\"wp-block-column\">\r\n<p class=\"has-text-color has-background\" style=\"background-color: #00a13a; color: #ffffff; text-align: center;\"><a href=\"http:\/\/lily-perf.com\/lb170293-ovh\/fr-development-goals-cash\/\">La performance de cash<\/a><\/p>\r\n\r\n\r\n\r\n<div class=\"wp-block-image\">\r\n<figure class=\"aligncenter\"><img class=\"wp-image-277\" src=\"http:\/\/lily-perf.com\/lb170293-ovh\/wp-content\/uploads\/2019\/07\/shutterstock_194348486-e1562659562485-1024x643.jpg\" alt=\"\" \/><\/figure>\r\n<\/div>\r\n<\/div>\r\n<\/div>\r\n\r\n\r\n\r\n<div class=\"wp-block-button aligncenter\"><a class=\"wp-block-button__link has-background\" style=\"background-color: #575756;\" href=\"http:\/\/lily-perf.com\/lb170293-ovh\/fr-development-goals\/\">D\u00e9couvrez pourquoi ces enjeux sont majeurs<\/a><\/div>\r\n\r\n\r\n<hr class=\"wp-block-separator is-style-wide\" \/>\r\n\r\n\r\n<h1 style=\"text-align: center;\"><a href=\"http:\/\/lily-perf.com\/lb170293-ovh\/fr-contact\/\">Contactez nous ici<\/a><\/h1>\r\n\r\n<p>&nbsp;<\/p>","protected":false},"excerpt":{"rendered":"<p>Parce que votre entreprise \u00e9volue au sein d&#8217;un environnement exigeant, [&hellip;]<\/p>\n","protected":false},"author":1,"featured_media":0,"parent":0,"menu_order":0,"comment_status":"closed","ping_status":"closed","template":"","meta":[],"_links":{"self":[{"href":"https:\/\/lily-perf.com\/lb170293-ovh\/wp-json\/wp\/v2\/pages\/411"}],"collection":[{"href":"https:\/\/lily-perf.com\/lb170293-ovh\/wp-json\/wp\/v2\/pages"}],"about":[{"href":"https:\/\/lily-perf.com\/lb170293-ovh\/wp-json\/wp\/v2\/types\/page"}],"author":[{"embeddable":true,"href":"https:\/\/lily-perf.com\/lb170293-ovh\/wp-json\/wp\/v2\/users\/1"}],"replies":[{"embeddable":true,"href":"https:\/\/lily-perf.com\/lb170293-ovh\/wp-json\/wp\/v2\/comments?post=411"}],"version-history":[{"count":66,"href":"https:\/\/lily-perf.com\/lb170293-ovh\/wp-json\/wp\/v2\/pages\/411\/revisions"}],"predecessor-version":[{"id":1151,"href":"https:\/\/lily-perf.com\/lb170293-ovh\/wp-json\/wp\/v2\/pages\/411\/revisions\/1151"}],"wp:attachment":[{"href":"https:\/\/lily-perf.com\/lb170293-ovh\/wp-json\/wp\/v2\/media?parent=411"}],"curies":[{"name":"wp","href":"https:\/\/api.w.org\/{rel}","templated":true}]}}