{"id":438,"date":"2019-08-07T01:00:42","date_gmt":"2019-08-06T23:00:42","guid":{"rendered":"http:\/\/lily-perf.com\/lb170293-ovh\/?page_id=438"},"modified":"2019-08-12T18:06:03","modified_gmt":"2019-08-12T16:06:03","slug":"fr-development-goals-international","status":"publish","type":"page","link":"http:\/\/lily-perf.com\/lb170293-ovh\/fr\/fr-development-goals-international\/","title":{"rendered":"L&#8217;internationalisation"},"content":{"rendered":"\r\n<div class=\"wp-block-media-text alignwide\" style=\"grid-template-columns: 40% auto;\">\r\n<figure class=\"wp-block-media-text__media\"><img loading=\"lazy\" width=\"1024\" height=\"773\" class=\"wp-image-348\" src=\"http:\/\/lily-perf.com\/lb170293-ovh\/wp-content\/uploads\/2019\/07\/shutterstock_227861386-e1562752928385-1024x773.jpg\" alt=\"\" srcset=\"http:\/\/lily-perf.com\/lb170293-ovh\/wp-content\/uploads\/2019\/07\/shutterstock_227861386-e1562752928385-200x151.jpg 200w, http:\/\/lily-perf.com\/lb170293-ovh\/wp-content\/uploads\/2019\/07\/shutterstock_227861386-e1562752928385-300x226.jpg 300w, http:\/\/lily-perf.com\/lb170293-ovh\/wp-content\/uploads\/2019\/07\/shutterstock_227861386-e1562752928385-400x302.jpg 400w, http:\/\/lily-perf.com\/lb170293-ovh\/wp-content\/uploads\/2019\/07\/shutterstock_227861386-e1562752928385-600x453.jpg 600w, http:\/\/lily-perf.com\/lb170293-ovh\/wp-content\/uploads\/2019\/07\/shutterstock_227861386-e1562752928385-768x580.jpg 768w, http:\/\/lily-perf.com\/lb170293-ovh\/wp-content\/uploads\/2019\/07\/shutterstock_227861386-e1562752928385-800x604.jpg 800w, http:\/\/lily-perf.com\/lb170293-ovh\/wp-content\/uploads\/2019\/07\/shutterstock_227861386-e1562752928385-1024x773.jpg 1024w, http:\/\/lily-perf.com\/lb170293-ovh\/wp-content\/uploads\/2019\/07\/shutterstock_227861386-e1562752928385-1200x906.jpg 1200w\" sizes=\"(max-width: 1024px) 100vw, 1024px\" \/><\/figure>\r\n<div class=\"wp-block-media-text__content\">\r\n<h1>L&#8217;enjeu de l&#8217;internationalisation r\u00e9side dans la combinaison de <strong><span style=\"color: #00a13a;\">3 changements concomitants: dimension, pays et culture<\/span><\/strong>.<\/h1>\r\n<p style=\"text-align: left;\">\r\n\r\n<\/p>\r\n<p>Aller \u00e0 l&#8217;international, c&#8217;est souvent indispensable au d\u00e9veloppement, mais c&#8217;est aussi un cap complexe:<\/p>\r\n<p style=\"text-align: left;\"><\/p>\r\n<\/div>\r\n<\/div>\r\n\r\n\r\n<hr class=\"wp-block-separator is-style-wide\" \/>\r\n\r\n\r\n<h2 class=\"has-text-color\" style=\"color: #39b837; text-align: center;\"><span style=\"color: #00a13a;\">Un terrain peu familier<\/span><\/h2>\r\n\r\n\r\n\r\n<div class=\"wp-block-columns has-2-columns\">\r\n<div class=\"wp-block-column\">\r\n<p class=\"has-text-color has-background\" style=\"background-color: #00a13a; color: #ffffff; text-align: center;\">Analyse et pr\u00e9paration<\/p>\r\n\r\n\r\n\r\n<div class=\"wp-block-image\">\r\n<figure class=\"aligncenter\"><img loading=\"lazy\" class=\"alignnone wp-image-1037\" src=\"http:\/\/lily-perf.com\/lb170293-ovh\/wp-content\/uploads\/2019\/08\/shutterstock_330953603-300x300.jpg\" alt=\"\" width=\"200\" height=\"200\" srcset=\"http:\/\/lily-perf.com\/lb170293-ovh\/wp-content\/uploads\/2019\/08\/shutterstock_330953603-66x66.jpg 66w, http:\/\/lily-perf.com\/lb170293-ovh\/wp-content\/uploads\/2019\/08\/shutterstock_330953603-150x150.jpg 150w, http:\/\/lily-perf.com\/lb170293-ovh\/wp-content\/uploads\/2019\/08\/shutterstock_330953603-200x200.jpg 200w, http:\/\/lily-perf.com\/lb170293-ovh\/wp-content\/uploads\/2019\/08\/shutterstock_330953603-300x300.jpg 300w, http:\/\/lily-perf.com\/lb170293-ovh\/wp-content\/uploads\/2019\/08\/shutterstock_330953603-400x400.jpg 400w, http:\/\/lily-perf.com\/lb170293-ovh\/wp-content\/uploads\/2019\/08\/shutterstock_330953603-600x600.jpg 600w, http:\/\/lily-perf.com\/lb170293-ovh\/wp-content\/uploads\/2019\/08\/shutterstock_330953603-768x768.jpg 768w, http:\/\/lily-perf.com\/lb170293-ovh\/wp-content\/uploads\/2019\/08\/shutterstock_330953603-800x800.jpg 800w, http:\/\/lily-perf.com\/lb170293-ovh\/wp-content\/uploads\/2019\/08\/shutterstock_330953603-1024x1024.jpg 1024w, http:\/\/lily-perf.com\/lb170293-ovh\/wp-content\/uploads\/2019\/08\/shutterstock_330953603-1200x1200.jpg 1200w\" sizes=\"(max-width: 200px) 100vw, 200px\" \/><\/figure>\r\n<\/div>\r\n\r\n\r\n\r\n<p>Cibler des pays et choisir des modalit\u00e9s d&#8217;implantation adapt\u00e9es n\u00e9cessite d&#8217;analyser de <strong>multiples informations<\/strong> pour maximiser les chances de succ\u00e8s.<\/p>\r\n<\/div>\r\n\r\n\r\n\r\n<div class=\"wp-block-column\">\r\n<p class=\"has-text-color has-background\" style=\"background-color: #00a13a; color: #ffffff; text-align: center;\">Adaptation<\/p>\r\n\r\n\r\n\r\n<div class=\"wp-block-image\">\r\n<figure class=\"aligncenter\"><img loading=\"lazy\" class=\"alignnone wp-image-1035\" src=\"http:\/\/lily-perf.com\/lb170293-ovh\/wp-content\/uploads\/2019\/08\/shutterstock_1463023172-e1565129821767-300x198.jpg\" alt=\"\" width=\"302\" height=\"200\" srcset=\"http:\/\/lily-perf.com\/lb170293-ovh\/wp-content\/uploads\/2019\/08\/shutterstock_1463023172-e1565129821767-200x132.jpg 200w, http:\/\/lily-perf.com\/lb170293-ovh\/wp-content\/uploads\/2019\/08\/shutterstock_1463023172-e1565129821767-300x198.jpg 300w, http:\/\/lily-perf.com\/lb170293-ovh\/wp-content\/uploads\/2019\/08\/shutterstock_1463023172-e1565129821767-400x265.jpg 400w, http:\/\/lily-perf.com\/lb170293-ovh\/wp-content\/uploads\/2019\/08\/shutterstock_1463023172-e1565129821767-600x397.jpg 600w, http:\/\/lily-perf.com\/lb170293-ovh\/wp-content\/uploads\/2019\/08\/shutterstock_1463023172-e1565129821767-768x508.jpg 768w, http:\/\/lily-perf.com\/lb170293-ovh\/wp-content\/uploads\/2019\/08\/shutterstock_1463023172-e1565129821767-800x529.jpg 800w, http:\/\/lily-perf.com\/lb170293-ovh\/wp-content\/uploads\/2019\/08\/shutterstock_1463023172-e1565129821767-1024x677.jpg 1024w, http:\/\/lily-perf.com\/lb170293-ovh\/wp-content\/uploads\/2019\/08\/shutterstock_1463023172-e1565129821767-1200x794.jpg 1200w\" sizes=\"(max-width: 302px) 100vw, 302px\" \/><\/figure>\r\n<\/div>\r\n\r\n\r\n\r\n<p>S&#8217;implanter dans un pays requiert une <strong>phase d&#8217;acclimatation r\u00e9glementaire et culturelle<\/strong>.<\/p>\r\n<\/div>\r\n<\/div>\r\n\r\n\r\n<hr class=\"wp-block-separator is-style-wide\" \/>\r\n\r\n\r\n<h2 class=\"has-text-color\" style=\"color: #39b837; text-align: center;\"><span style=\"color: #00a13a;\">Solidifier ses fondamentaux<\/span><\/h2>\r\n\r\n\r\n\r\n<div class=\"wp-block-columns has-2-columns\">\r\n<div class=\"wp-block-column\">\r\n<p class=\"has-text-color has-background\" style=\"background-color: #00a13a; color: #ffffff; text-align: center;\">Une p\u00e9riode de remboursement plus longue<\/p>\r\n\r\n\r\n\r\n<div class=\"wp-block-image\">\r\n<figure class=\"aligncenter\"><img loading=\"lazy\" class=\"alignnone wp-image-747\" src=\"http:\/\/lily-perf.com\/lb170293-ovh\/wp-content\/uploads\/2019\/07\/Icon_calendar-300x291.png\" alt=\"\" width=\"207\" height=\"200\" \/><\/figure>\r\n<\/div>\r\n\r\n\r\n\r\n<p>Dans le pays-cible, le cycle de g\u00e9n\u00e9ration de cash peut \u00eatre plus long et <span style=\"color: #cc1b1a;\"><strong>affecter la p\u00e9rennit\u00e9 de l&#8217;entreprise tout enti\u00e8re<\/strong><\/span>.<\/p>\r\n<\/div>\r\n\r\n\r\n\r\n<div class=\"wp-block-column\">\r\n<p class=\"has-text-color has-background\" style=\"background-color: #00a13a; color: #ffffff; text-align: center;\">Mener \u00e0 bien son int\u00e9gration<\/p>\r\n\r\n\r\n\r\n<div class=\"wp-block-image\">\r\n<figure class=\"aligncenter\"><img loading=\"lazy\" class=\"alignnone wp-image-1044\" src=\"http:\/\/lily-perf.com\/lb170293-ovh\/wp-content\/uploads\/2019\/08\/shutterstock_364342442-300x300.jpg\" alt=\"\" width=\"200\" height=\"200\" srcset=\"http:\/\/lily-perf.com\/lb170293-ovh\/wp-content\/uploads\/2019\/08\/shutterstock_364342442-66x66.jpg 66w, http:\/\/lily-perf.com\/lb170293-ovh\/wp-content\/uploads\/2019\/08\/shutterstock_364342442-150x150.jpg 150w, http:\/\/lily-perf.com\/lb170293-ovh\/wp-content\/uploads\/2019\/08\/shutterstock_364342442-200x200.jpg 200w, http:\/\/lily-perf.com\/lb170293-ovh\/wp-content\/uploads\/2019\/08\/shutterstock_364342442-300x300.jpg 300w, http:\/\/lily-perf.com\/lb170293-ovh\/wp-content\/uploads\/2019\/08\/shutterstock_364342442-400x400.jpg 400w, http:\/\/lily-perf.com\/lb170293-ovh\/wp-content\/uploads\/2019\/08\/shutterstock_364342442-600x600.jpg 600w, http:\/\/lily-perf.com\/lb170293-ovh\/wp-content\/uploads\/2019\/08\/shutterstock_364342442-768x768.jpg 768w, http:\/\/lily-perf.com\/lb170293-ovh\/wp-content\/uploads\/2019\/08\/shutterstock_364342442-800x800.jpg 800w, http:\/\/lily-perf.com\/lb170293-ovh\/wp-content\/uploads\/2019\/08\/shutterstock_364342442-1024x1024.jpg 1024w, http:\/\/lily-perf.com\/lb170293-ovh\/wp-content\/uploads\/2019\/08\/shutterstock_364342442-1200x1200.jpg 1200w\" sizes=\"(max-width: 200px) 100vw, 200px\" \/><\/figure>\r\n<\/div>\r\n\r\n\r\n\r\n<p>Si l&#8217;acquisition permet de gagner du temps, elle n\u00e9cessite une int\u00e9gration conduite avec soin: diverses \u00e9tudes ont d\u00e9montr\u00e9 qu&#8217;elle <strong>g\u00e9n\u00e8re une perte de valeur dans 50% \u00e0 75% des cas<\/strong>.<\/p>\r\n<\/div>\r\n<\/div>\r\n\r\n\r\n<hr class=\"wp-block-separator is-style-wide\" \/>\r\n\r\n\r\n<h2 class=\"has-text-color\" style=\"color: #39b837; text-align: center;\"><span style=\"color: #00a13a;\">R\u00e9inventer votre entreprise<\/span><\/h2>\r\n\r\n\r\n\r\n<div class=\"wp-block-columns has-2-columns\">\r\n<div class=\"wp-block-column\">\r\n<p class=\"has-text-color has-background\" style=\"background-color: #00a13a; color: #ffffff; text-align: center;\">Adapter l&#8217;offre<\/p>\r\n\r\n\r\n\r\n<div class=\"wp-block-image\">\r\n<figure class=\"aligncenter\"><img loading=\"lazy\" class=\"alignnone wp-image-484\" src=\"http:\/\/lily-perf.com\/lb170293-ovh\/wp-content\/uploads\/2019\/07\/Icon_testtube-300x285.png\" alt=\"\" width=\"211\" height=\"200\" \/><\/figure>\r\n<\/div>\r\n\r\n\r\n\r\n<p>Exporter n\u00e9cessite une adaptation \u00e9ventuelle de l&#8217;offre pour servir des <strong>besoins march\u00e9 non satisfaits<\/strong> &#8211; les concurrents ne vous ont pas attendus.<\/p>\r\n<\/div>\r\n\r\n\r\n\r\n<div class=\"wp-block-column\">\r\n<p class=\"has-text-color has-background\" style=\"background-color: #00a13a; color: #ffffff; text-align: center;\">D\u00e9velopper la confiance<\/p>\r\n\r\n\r\n\r\n<div class=\"wp-block-image\">\r\n<figure class=\"aligncenter\"><img loading=\"lazy\" class=\"alignnone wp-image-409\" src=\"http:\/\/lily-perf.com\/lb170293-ovh\/wp-content\/uploads\/2019\/07\/Icon_greetingpeople-286x300.png\" alt=\"\" width=\"191\" height=\"200\" \/><\/figure>\r\n<\/div>\r\n\r\n\r\n\r\n<p>L&#8217;\u00e9clatement g\u00e9ographique de l&#8217;organisation g\u00e9n\u00e8re une <strong><span style=\"color: #cc1b1a;\">complexit\u00e9 accrue<\/span><\/strong> et le besoin de d\u00e9velopper de <strong>nouvelles relations de <span style=\"color: #00a13a;\">confiance<\/span> avec les sites distants<\/strong>.<\/p>\r\n<\/div>\r\n<\/div>\r\n\r\n\r\n<hr class=\"wp-block-separator is-style-wide\" \/>\r\n\r\n\r\n<h1>L&#8217;internationalisation est d&#8217;abord un <strong><span style=\"color: #00a13a;\">processus structur\u00e9<\/span><\/strong>\u00a0et une <strong><span style=\"color: #00a13a;\">culture d&#8217;entreprise<\/span><\/strong>.<\/h1>\r\n\r\n\r\n\r\n<div class=\"wp-block-columns has-2-columns\">\r\n<div class=\"wp-block-column\">\r\n<div class=\"wp-block-button alignright\"><a class=\"wp-block-button__link has-background\" style=\"background-color: #575756;\" href=\"http:\/\/lily-perf.com\/lb170293-ovh\/fr-who-we-are-offer\/\">D\u00e9couvrez notre offre<\/a><\/div>\r\n<\/div>\r\n\r\n\r\n\r\n<div class=\"wp-block-column\">\r\n<div class=\"wp-block-button\"><a class=\"wp-block-button__link has-background\" style=\"background-color: #575756;\" href=\"http:\/\/lily-perf.com\/lb170293-ovh\/fr-development-goals\/\">Vos enjeux de d\u00e9veloppement<\/a><\/div>\r\n<\/div>\r\n<\/div>\r\n","protected":false},"excerpt":{"rendered":"<p>L&#8217;enjeu de l&#8217;internationalisation r\u00e9side dans la combinaison de 3 changements [&hellip;]<\/p>\n","protected":false},"author":1,"featured_media":0,"parent":0,"menu_order":0,"comment_status":"closed","ping_status":"closed","template":"","meta":[],"_links":{"self":[{"href":"http:\/\/lily-perf.com\/lb170293-ovh\/wp-json\/wp\/v2\/pages\/438"}],"collection":[{"href":"http:\/\/lily-perf.com\/lb170293-ovh\/wp-json\/wp\/v2\/pages"}],"about":[{"href":"http:\/\/lily-perf.com\/lb170293-ovh\/wp-json\/wp\/v2\/types\/page"}],"author":[{"embeddable":true,"href":"http:\/\/lily-perf.com\/lb170293-ovh\/wp-json\/wp\/v2\/users\/1"}],"replies":[{"embeddable":true,"href":"http:\/\/lily-perf.com\/lb170293-ovh\/wp-json\/wp\/v2\/comments?post=438"}],"version-history":[{"count":19,"href":"http:\/\/lily-perf.com\/lb170293-ovh\/wp-json\/wp\/v2\/pages\/438\/revisions"}],"predecessor-version":[{"id":1133,"href":"http:\/\/lily-perf.com\/lb170293-ovh\/wp-json\/wp\/v2\/pages\/438\/revisions\/1133"}],"wp:attachment":[{"href":"http:\/\/lily-perf.com\/lb170293-ovh\/wp-json\/wp\/v2\/media?parent=438"}],"curies":[{"name":"wp","href":"https:\/\/api.w.org\/{rel}","templated":true}]}}