{"id":430,"date":"2019-08-07T01:00:35","date_gmt":"2019-08-06T23:00:35","guid":{"rendered":"http:\/\/lily-perf.com\/lb170293-ovh\/?page_id=430"},"modified":"2019-08-12T18:05:08","modified_gmt":"2019-08-12T16:05:08","slug":"fr-development-goals-strategy","status":"publish","type":"page","link":"http:\/\/lily-perf.com\/lb170293-ovh\/fr\/fr-development-goals-strategy\/","title":{"rendered":"L&#8217;ex\u00e9cution de la strat\u00e9gie"},"content":{"rendered":"\r\n<div class=\"wp-block-media-text alignwide\" style=\"grid-template-columns: 32% auto;\">\r\n<figure class=\"wp-block-media-text__media\"><img loading=\"lazy\" width=\"1024\" height=\"698\" class=\"wp-image-52\" src=\"http:\/\/lily-perf.com\/lb170293-ovh\/wp-content\/uploads\/2019\/06\/shutterstock_162848774-1024x698.jpg\" alt=\"\" srcset=\"http:\/\/lily-perf.com\/lb170293-ovh\/wp-content\/uploads\/2019\/06\/shutterstock_162848774-200x136.jpg 200w, http:\/\/lily-perf.com\/lb170293-ovh\/wp-content\/uploads\/2019\/06\/shutterstock_162848774-300x205.jpg 300w, http:\/\/lily-perf.com\/lb170293-ovh\/wp-content\/uploads\/2019\/06\/shutterstock_162848774-400x273.jpg 400w, http:\/\/lily-perf.com\/lb170293-ovh\/wp-content\/uploads\/2019\/06\/shutterstock_162848774-600x409.jpg 600w, http:\/\/lily-perf.com\/lb170293-ovh\/wp-content\/uploads\/2019\/06\/shutterstock_162848774-768x524.jpg 768w, http:\/\/lily-perf.com\/lb170293-ovh\/wp-content\/uploads\/2019\/06\/shutterstock_162848774-800x545.jpg 800w, http:\/\/lily-perf.com\/lb170293-ovh\/wp-content\/uploads\/2019\/06\/shutterstock_162848774-1024x698.jpg 1024w, http:\/\/lily-perf.com\/lb170293-ovh\/wp-content\/uploads\/2019\/06\/shutterstock_162848774-1200x818.jpg 1200w\" sizes=\"(max-width: 1024px) 100vw, 1024px\" \/><\/figure>\r\n<div class=\"wp-block-media-text__content\">\r\n<h1>L&#8217;ex\u00e9cution de la strat\u00e9gie est la <span style=\"color: #00a13a;\"><strong>transformation d&#8217;une vision en un \u00e9lan<\/strong><\/span>, qui permet d&#8217;enclencher un ensemble d&#8217;<strong><span style=\"color: #00a13a;\">actions<\/span><\/strong> coh\u00e9rentes avec le cap strat\u00e9gique.<\/h1>\r\n<\/div>\r\n<\/div>\r\n\r\n\r\n\r\n<h1>\u00a0<\/h1>\r\n<h1>Dans ce but, il s&#8217;agit de f\u00e9d\u00e9rer les d\u00e9partements de l&#8217;entreprise et les faire <strong><span style=\"color: #00a13a;\">\u0153uvrer autour d&#8217;une vision commune<\/span><\/strong>; les d\u00e9fis \u00e0 relever sont nombreux:<\/h1>\r\n\r\n<p>&nbsp;<\/p>\r\n<hr class=\"wp-block-separator is-style-wide\" \/>\r\n\r\n\r\n<h2 class=\"has-text-color\" style=\"color: #39b837; text-align: center;\"><span style=\"color: #00a13a;\">Mettre en place les \u00e9quipes<\/span><\/h2>\r\n\r\n\r\n\r\n<div class=\"wp-block-columns has-2-columns\">\r\n<div class=\"wp-block-column\">\r\n<p class=\"has-text-color has-background\" style=\"background-color: #00a13a; color: #ffffff; text-align: center;\">Allouer les ressources cl\u00e9s<\/p>\r\n\r\n\r\n\r\n<div class=\"wp-block-image\">\r\n<figure class=\"aligncenter is-resized\"><img loading=\"lazy\" class=\"alignnone wp-image-607\" src=\"http:\/\/lily-perf.com\/lb170293-ovh\/wp-content\/uploads\/2019\/07\/Icon_timemoney-300x287.png\" alt=\"\" width=\"209\" height=\"200\" \/><\/figure>\r\n<\/div>\r\n\r\n\r\n <strong><span style=\"color: #00a13a;\">Prioriser<\/span><\/strong> les sujets sur la base d&#8217;informations pertinentes et fiables, et allouer aux projets prioritaires les ressources-cl\u00e9s, par d\u00e9finition <strong><span style=\"color: #cc1b1a;\">limit\u00e9es<\/span><\/strong>.<\/div>\r\n\r\n\r\n\r\n<div class=\"wp-block-column\">\r\n<p class=\"has-text-color has-background\" style=\"background-color: #00a13a; color: #ffffff; text-align: center;\">D\u00e9finir les r\u00f4les<\/p>\r\n\r\n\r\n\r\n<div class=\"wp-block-image\">\r\n<figure class=\"aligncenter is-resized\"><img loading=\"lazy\" class=\"alignnone wp-image-707\" src=\"http:\/\/lily-perf.com\/lb170293-ovh\/wp-content\/uploads\/2019\/07\/Icon_group-298x300.png\" alt=\"\" width=\"199\" height=\"200\" \/><\/figure>\r\n<\/div>\r\n\r\n\r\nD\u00e9finir les r\u00f4les et contributions \u00e0 l&#8217;ex\u00e9cution de la strat\u00e9gie, les organiser, avec pour fil rouge<strong> <span style=\"color: #00a13a;\">l&#8217;efficacit\u00e9, la productivit\u00e9 et l&#8217;agilit\u00e9<\/span><\/strong>.\u00a0<\/div>\r\n<\/div>\r\n\r\n\r\n<hr class=\"wp-block-separator is-style-wide\" \/>\r\n\r\n\r\n<h2 style=\"text-align: center;\"><span style=\"color: #00a13a;\">Maintenir l&#8217;engagement<\/span><\/h2>\r\n\r\n\r\n\r\n<div class=\"wp-block-columns has-2-columns\">\r\n<div class=\"wp-block-column\">\r\n<p class=\"has-text-color has-background\" style=\"background-color: #00a13a; color: #ffffff; text-align: center;\">Mobiliser<\/p>\r\n\r\n\r\n\r\n<div class=\"wp-block-image\">\r\n<figure class=\"aligncenter is-resized\"><img loading=\"lazy\" class=\"alignnone wp-image-752\" src=\"http:\/\/lily-perf.com\/lb170293-ovh\/wp-content\/uploads\/2019\/07\/Icon_rallying-300x215.png\" alt=\"\" width=\"278\" height=\"200\" \/><\/figure>\r\n<\/div>\r\n\r\n\r\nMobiliser les \u00e9quipes et canaliser leur \u00e9nergie sur les sujets prioritaires. Puis entretenir la mobilisation, <strong><span style=\"color: #00a13a;\">sans d\u00e9courager la prise d&#8217;initiative<\/span><\/strong> aux diff\u00e9rents niveaux.<\/div>\r\n\r\n\r\n\r\n<div class=\"wp-block-column\">\r\n<p class=\"has-text-color has-background\" style=\"background-color: #00a13a; color: #ffffff; text-align: center;\">F\u00e9d\u00e9rer<\/p>\r\n\r\n\r\n\r\n<div class=\"wp-block-image\">\r\n<figure class=\"aligncenter is-resized\"><img loading=\"lazy\" class=\"alignnone wp-image-746\" src=\"http:\/\/lily-perf.com\/lb170293-ovh\/wp-content\/uploads\/2019\/07\/Icon_unity-300x293.png\" alt=\"\" width=\"205\" height=\"200\" \/><\/figure>\r\n<\/div>\r\n\r\n\r\nS&#8217;assurer de la <strong>bonne compr\u00e9hension<\/strong> de la strat\u00e9gie et de <strong><span style=\"color: #00a13a;\">l&#8217;adh\u00e9sion<\/span> <\/strong>du plus grand nombre, vaincre les \u00e9ventuelles <span style=\"color: #cc1b1a;\"><strong>r\u00e9sistances<\/strong><\/span>.<\/div>\r\n<\/div>\r\n\r\n\r\n<hr class=\"wp-block-separator is-style-wide\" \/>\r\n\r\n\r\n<h2 style=\"text-align: center;\"><span style=\"color: #00a13a;\">Piloter et actualiser<\/span><\/h2>\r\n\r\n\r\n\r\n<div class=\"wp-block-columns has-2-columns\">\r\n<div class=\"wp-block-column\">\r\n<p class=\"has-text-color has-background\" style=\"background-color: #00a13a; color: #ffffff; text-align: center;\">Mesurer les progr\u00e8s<\/p>\r\n\r\n\r\n\r\n<div class=\"wp-block-image\">\r\n<figure class=\"aligncenter is-resized\"><img loading=\"lazy\" class=\"alignnone wp-image-598\" src=\"http:\/\/lily-perf.com\/lb170293-ovh\/wp-content\/uploads\/2019\/07\/Icon_tablet-250x300.png\" alt=\"\" width=\"166\" height=\"200\" \/><\/figure>\r\n<\/div>\r\n\r\n\r\nMesurer les progr\u00e8s par un pilotage incontest\u00e9, efficace et efficient. instaurer des <strong><span style=\"color: #00a13a;\">rituels f\u00e9d\u00e9rateurs et structurants<\/span><\/strong>, sans pour autant alourdir inutilement les agendas.<\/div>\r\n\r\n\r\n\r\n<div class=\"wp-block-column\">\r\n<p class=\"has-text-color has-background\" style=\"background-color: #00a13a; color: #ffffff; text-align: center;\">Mettre \u00e0 jour<\/p>\r\n\r\n\r\n\r\n<div class=\"wp-block-image\">\r\n<figure class=\"aligncenter is-resized\"><img loading=\"lazy\" class=\"alignnone wp-image-603\" src=\"http:\/\/lily-perf.com\/lb170293-ovh\/wp-content\/uploads\/2019\/07\/Icon_gearhead-278x300.png\" alt=\"\" width=\"185\" height=\"200\" \/><\/figure>\r\n<\/div>\r\n\r\n\r\nInstaurer un dispositif pertinent de <strong>revue et mise \u00e0 jour p\u00e9riodique<\/strong> de la feuille de route strat\u00e9gique.<\/div>\r\n<\/div>\r\n\r\n\r\n<hr class=\"wp-block-separator is-style-wide\" \/>\r\n\r\n\r\n<h1>Param\u00e8tres du succ\u00e8s:<\/h1>\r\n<h1>\r\n\r\n<\/h1>\r\n<ul>\r\n<li>\r\n<h1>Mettre en oeuvre la strat\u00e9gie requiert <strong><span style=\"color: #00a13a;\">leadership<\/span><\/strong>, <strong><span style=\"color: #00a13a;\">constance<\/span><\/strong> et <strong><span style=\"color: #00a13a;\">m\u00e9thode<\/span><\/strong>.<\/h1>\r\n<\/li>\r\n<li>\r\n<h1>Face aux r\u00e9actions des concurrents, la capacit\u00e9 d&#8217;<span style=\"color: #00a13a;\"><strong>adaptation rapide de l&#8217;entreprise<\/strong><\/span> est d\u00e9terminante.<\/h1>\r\n<\/li>\r\n<\/ul>\r\n\r\n\r\n\r\n<div class=\"wp-block-columns has-2-columns\">\r\n<div class=\"wp-block-column\">\r\n<div class=\"wp-block-button alignright\"><a class=\"wp-block-button__link has-background\" style=\"background-color: #575756;\" href=\"http:\/\/lily-perf.com\/lb170293-ovh\/fr-who-we-are-offer\/\">D\u00e9couvrez notre offre<\/a><\/div>\r\n<\/div>\r\n\r\n\r\n\r\n<div class=\"wp-block-column\">\r\n<div class=\"wp-block-button\"><a class=\"wp-block-button__link has-background\" style=\"background-color: #575756;\" href=\"http:\/\/lily-perf.com\/lb170293-ovh\/fr-development-goals\/\">Vos enjeux de d\u00e9veloppement<\/a><\/div>\r\n<\/div>\r\n<\/div>","protected":false},"excerpt":{"rendered":"<p>L&#8217;ex\u00e9cution de la strat\u00e9gie est la transformation d&#8217;une vision en [&hellip;]<\/p>\n","protected":false},"author":1,"featured_media":0,"parent":0,"menu_order":0,"comment_status":"closed","ping_status":"closed","template":"","meta":[],"_links":{"self":[{"href":"http:\/\/lily-perf.com\/lb170293-ovh\/wp-json\/wp\/v2\/pages\/430"}],"collection":[{"href":"http:\/\/lily-perf.com\/lb170293-ovh\/wp-json\/wp\/v2\/pages"}],"about":[{"href":"http:\/\/lily-perf.com\/lb170293-ovh\/wp-json\/wp\/v2\/types\/page"}],"author":[{"embeddable":true,"href":"http:\/\/lily-perf.com\/lb170293-ovh\/wp-json\/wp\/v2\/users\/1"}],"replies":[{"embeddable":true,"href":"http:\/\/lily-perf.com\/lb170293-ovh\/wp-json\/wp\/v2\/comments?post=430"}],"version-history":[{"count":30,"href":"http:\/\/lily-perf.com\/lb170293-ovh\/wp-json\/wp\/v2\/pages\/430\/revisions"}],"predecessor-version":[{"id":1131,"href":"http:\/\/lily-perf.com\/lb170293-ovh\/wp-json\/wp\/v2\/pages\/430\/revisions\/1131"}],"wp:attachment":[{"href":"http:\/\/lily-perf.com\/lb170293-ovh\/wp-json\/wp\/v2\/media?parent=430"}],"curies":[{"name":"wp","href":"https:\/\/api.w.org\/{rel}","templated":true}]}}