{"id":421,"date":"2019-08-07T01:02:24","date_gmt":"2019-08-06T23:02:24","guid":{"rendered":"http:\/\/lily-perf.com\/lb170293-ovh\/?page_id=421"},"modified":"2019-08-12T18:58:04","modified_gmt":"2019-08-12T16:58:04","slug":"fr-development-goals","status":"publish","type":"page","link":"http:\/\/lily-perf.com\/lb170293-ovh\/fr\/fr-development-goals\/","title":{"rendered":"Vos enjeux de d\u00e9veloppement"},"content":{"rendered":"\r\n<p style=\"text-align: center;\">Lily-Perf intervient sur ces trois enjeux majeurs. <a href=\"http:\/\/lily-perf.com\/lb170293-ovh\/fr-purpose\/\">D\u00e9couvrez pourquoi<\/a>.<\/p>\r\n<p>&nbsp;<\/p>\r\n<h2 class=\"has-text-color\" style=\"color: #39b837;\"><span style=\"color: #00a13a;\">L&#8217;ex\u00e9cution de la strat\u00e9gie<\/span><\/h2>\r\n\r\n\r\n\r\n<div class=\"wp-block-media-text alignwide\">\r\n<figure class=\"wp-block-media-text__media\"><img loading=\"lazy\" width=\"1024\" height=\"640\" class=\"wp-image-275\" src=\"http:\/\/lily-perf.com\/lb170293-ovh\/wp-content\/uploads\/2019\/07\/shutterstock_740738278-1024x640.jpg\" alt=\"\" srcset=\"http:\/\/lily-perf.com\/lb170293-ovh\/wp-content\/uploads\/2019\/07\/shutterstock_740738278-200x125.jpg 200w, http:\/\/lily-perf.com\/lb170293-ovh\/wp-content\/uploads\/2019\/07\/shutterstock_740738278-300x188.jpg 300w, http:\/\/lily-perf.com\/lb170293-ovh\/wp-content\/uploads\/2019\/07\/shutterstock_740738278-400x250.jpg 400w, http:\/\/lily-perf.com\/lb170293-ovh\/wp-content\/uploads\/2019\/07\/shutterstock_740738278-600x375.jpg 600w, http:\/\/lily-perf.com\/lb170293-ovh\/wp-content\/uploads\/2019\/07\/shutterstock_740738278-768x480.jpg 768w, http:\/\/lily-perf.com\/lb170293-ovh\/wp-content\/uploads\/2019\/07\/shutterstock_740738278-800x500.jpg 800w, http:\/\/lily-perf.com\/lb170293-ovh\/wp-content\/uploads\/2019\/07\/shutterstock_740738278-1024x640.jpg 1024w, http:\/\/lily-perf.com\/lb170293-ovh\/wp-content\/uploads\/2019\/07\/shutterstock_740738278-1200x750.jpg 1200w\" sizes=\"(max-width: 1024px) 100vw, 1024px\" \/><\/figure>\r\n<div class=\"wp-block-media-text__content\">\r\n<p style=\"text-align: left;\">Une ex\u00e9cution qui <strong><span style=\"color: #cc1b1a;\">d\u00e9rive du cap<\/span><\/strong> ob\u00e8re les capacit\u00e9s de d\u00e9veloppement de l&#8217;entreprise et fragilise sa p\u00e9rennit\u00e9.\u00a0<\/p>\r\n\r\n\r\n\r\n<p>Nous <strong><span style=\"color: #00a13a;\">conjuguons m\u00e9thode et exp\u00e9rience op\u00e9rationnelle<\/span><\/strong> pour:<\/p>\r\n<ul>\r\n<li>Eclairer vos d\u00e9cisions<\/li>\r\n<li>Susciter un \u00e9lan au sein des \u00e9quipes<\/li>\r\n<li>Vous apporter les leviers de leadership de la transformation.<\/li>\r\n<\/ul>\r\n<\/div>\r\n<\/div>\r\n\r\n\r\n\r\n<p>&nbsp;<\/p>\r\n\r\n\r\n\r\n<h1 class=\"has-text-color\" style=\"color: #00a13a; text-align: center;\"><strong>Parce que l&#8217;ex\u00e9cution de la strat\u00e9gie ne se d\u00e9l\u00e8gue pas.<\/strong><\/h1>\r\n\r\n\r\n\r\n<div class=\"wp-block-button aligncenter\"><a class=\"wp-block-button__link has-background\" style=\"background-color: #575756;\" href=\"http:\/\/lily-perf.com\/lb170293-ovh\/fr-development-goals-strategy\/\">Apprenez-en davantage<\/a><\/div>\r\n\r\n\r\n<hr class=\"wp-block-separator is-style-wide\" \/>\r\n\r\n\r\n<h2 class=\"has-text-color\" style=\"color: #39b837;\"><span style=\"color: #00a13a;\">L&#8217;internationalisation<\/span><\/h2>\r\n\r\n\r\n\r\n<div class=\"wp-block-media-text alignwide\">\r\n<figure class=\"wp-block-media-text__media\"><img loading=\"lazy\" width=\"1024\" height=\"640\" class=\"wp-image-276\" src=\"http:\/\/lily-perf.com\/lb170293-ovh\/wp-content\/uploads\/2019\/07\/shutterstock_107683022-1024x640.jpg\" alt=\"\" srcset=\"http:\/\/lily-perf.com\/lb170293-ovh\/wp-content\/uploads\/2019\/07\/shutterstock_107683022-200x125.jpg 200w, http:\/\/lily-perf.com\/lb170293-ovh\/wp-content\/uploads\/2019\/07\/shutterstock_107683022-300x188.jpg 300w, http:\/\/lily-perf.com\/lb170293-ovh\/wp-content\/uploads\/2019\/07\/shutterstock_107683022-400x250.jpg 400w, http:\/\/lily-perf.com\/lb170293-ovh\/wp-content\/uploads\/2019\/07\/shutterstock_107683022-600x375.jpg 600w, http:\/\/lily-perf.com\/lb170293-ovh\/wp-content\/uploads\/2019\/07\/shutterstock_107683022-768x480.jpg 768w, http:\/\/lily-perf.com\/lb170293-ovh\/wp-content\/uploads\/2019\/07\/shutterstock_107683022-800x500.jpg 800w, http:\/\/lily-perf.com\/lb170293-ovh\/wp-content\/uploads\/2019\/07\/shutterstock_107683022-1024x640.jpg 1024w, http:\/\/lily-perf.com\/lb170293-ovh\/wp-content\/uploads\/2019\/07\/shutterstock_107683022-1200x750.jpg 1200w\" sizes=\"(max-width: 1024px) 100vw, 1024px\" \/><\/figure>\r\n<div class=\"wp-block-media-text__content\">\r\n<p style=\"text-align: left;\">S&#8217;internationaliser, c&#8217;est aller sur de <strong><span style=\"color: #00a13a;\">nouveaux territoires<\/span><\/strong>, tout en <span style=\"color: #00a13a;\"><strong>changeant de dimension<\/strong><\/span>, et <strong><span style=\"color: #00a13a;\">s&#8217;adapter<\/span><\/strong> \u00e0 ce nouveau contexte avec succ\u00e8s.<\/p>\r\n\r\n\r\n\r\n<p>Nous vous guidons dans <strong>la conduite du projet d&#8217;internationalisation,<\/strong> qui:<\/p>\r\n<ul>\r\n<li>Met en mouvement toute l&#8217;entreprise<\/li>\r\n<li>Est impactant pour son devenir, et n\u00e9cessite d&#8217;\u00eatre s\u00e9curis\u00e9.<\/li>\r\n<\/ul>\r\n<\/div>\r\n<\/div>\r\n\r\n\r\n\r\n<p>&nbsp;<\/p>\r\n\r\n\r\n\r\n<div class=\"wp-block-button aligncenter\"><a class=\"wp-block-button__link has-background\" style=\"background-color: #575756;\" href=\"http:\/\/lily-perf.com\/lb170293-ovh\/fr-development-goals-international\/\">Apprenez-en davantage<\/a><\/div>\r\n\r\n\r\n<hr class=\"wp-block-separator is-style-wide\" \/>\r\n\r\n\r\n<h2 class=\"has-text-color\" style=\"color: #39b837;\"><span style=\"color: #00a13a;\">La performance de cash<\/span><\/h2>\r\n\r\n\r\n\r\n<div class=\"wp-block-media-text alignwide\">\r\n<figure class=\"wp-block-media-text__media\"><img loading=\"lazy\" width=\"1024\" height=\"640\" class=\"wp-image-277\" src=\"http:\/\/lily-perf.com\/lb170293-ovh\/wp-content\/uploads\/2019\/07\/shutterstock_194348486-e1562659668664-1024x640.jpg\" alt=\"\" srcset=\"http:\/\/lily-perf.com\/lb170293-ovh\/wp-content\/uploads\/2019\/07\/shutterstock_194348486-e1562659668664-200x125.jpg 200w, http:\/\/lily-perf.com\/lb170293-ovh\/wp-content\/uploads\/2019\/07\/shutterstock_194348486-e1562659668664-300x187.jpg 300w, http:\/\/lily-perf.com\/lb170293-ovh\/wp-content\/uploads\/2019\/07\/shutterstock_194348486-e1562659668664-400x250.jpg 400w, http:\/\/lily-perf.com\/lb170293-ovh\/wp-content\/uploads\/2019\/07\/shutterstock_194348486-e1562659668664-600x375.jpg 600w, http:\/\/lily-perf.com\/lb170293-ovh\/wp-content\/uploads\/2019\/07\/shutterstock_194348486-e1562659668664-768x480.jpg 768w, http:\/\/lily-perf.com\/lb170293-ovh\/wp-content\/uploads\/2019\/07\/shutterstock_194348486-e1562659668664-800x500.jpg 800w, http:\/\/lily-perf.com\/lb170293-ovh\/wp-content\/uploads\/2019\/07\/shutterstock_194348486-e1562659668664-1024x640.jpg 1024w, http:\/\/lily-perf.com\/lb170293-ovh\/wp-content\/uploads\/2019\/07\/shutterstock_194348486-e1562659668664-1200x750.jpg 1200w\" sizes=\"(max-width: 1024px) 100vw, 1024px\" \/><\/figure>\r\n<div class=\"wp-block-media-text__content\">\r\n<p style=\"text-align: left;\">La croissance est consommatrice de ressources, humaines et financi\u00e8res: leur utilisation optimale est donc <strong><span style=\"color: #00a13a;\">vitale.<\/span><\/strong><\/p>\r\n\r\n\r\n\r\n<p>Nous vous conseillons et vous accompagnons dans:<\/p>\r\n\r\n\r\n\r\n<ul>\r\n<li>La d\u00e9finition du meilleur chemin vers la performance de cash<\/li>\r\n<li>Les \u00e9tapes de sa r\u00e9alisation<\/li>\r\n<\/ul>\r\n<\/div>\r\n<\/div>\r\n\r\n\r\n\r\n<p>&nbsp;<\/p>\r\n\r\n\r\n\r\n<div class=\"wp-block-button aligncenter\"><a class=\"wp-block-button__link has-background\" style=\"background-color: #575756;\" href=\"http:\/\/lily-perf.com\/lb170293-ovh\/fr-development-goals-cash\/\">Apprenez-en davantage<\/a><\/div>\r\n\r\n\r\n<hr class=\"wp-block-separator is-style-wide\" \/>\r\n<h1 style=\"text-align: center;\"><a href=\"http:\/\/lily-perf.com\/lb170293-ovh\/fr-insights\/\">D\u00e9couvrez d&#8217;autres insights<\/a><\/h1>","protected":false},"excerpt":{"rendered":"<p>Lily-Perf intervient sur ces trois enjeux majeurs. D\u00e9couvrez pourquoi. &nbsp; [&hellip;]<\/p>\n","protected":false},"author":1,"featured_media":0,"parent":0,"menu_order":0,"comment_status":"closed","ping_status":"closed","template":"","meta":[],"_links":{"self":[{"href":"http:\/\/lily-perf.com\/lb170293-ovh\/wp-json\/wp\/v2\/pages\/421"}],"collection":[{"href":"http:\/\/lily-perf.com\/lb170293-ovh\/wp-json\/wp\/v2\/pages"}],"about":[{"href":"http:\/\/lily-perf.com\/lb170293-ovh\/wp-json\/wp\/v2\/types\/page"}],"author":[{"embeddable":true,"href":"http:\/\/lily-perf.com\/lb170293-ovh\/wp-json\/wp\/v2\/users\/1"}],"replies":[{"embeddable":true,"href":"http:\/\/lily-perf.com\/lb170293-ovh\/wp-json\/wp\/v2\/comments?post=421"}],"version-history":[{"count":15,"href":"http:\/\/lily-perf.com\/lb170293-ovh\/wp-json\/wp\/v2\/pages\/421\/revisions"}],"predecessor-version":[{"id":1158,"href":"http:\/\/lily-perf.com\/lb170293-ovh\/wp-json\/wp\/v2\/pages\/421\/revisions\/1158"}],"wp:attachment":[{"href":"http:\/\/lily-perf.com\/lb170293-ovh\/wp-json\/wp\/v2\/media?parent=421"}],"curies":[{"name":"wp","href":"https:\/\/api.w.org\/{rel}","templated":true}]}}