{"id":3,"date":"2019-06-11T17:20:30","date_gmt":"2019-06-11T15:20:30","guid":{"rendered":"http:\/\/lily-perf.com\/lb170293-ovh\/?page_id=3"},"modified":"2019-08-12T18:41:53","modified_gmt":"2019-08-12T16:41:53","slug":"privacyconfidentialite","status":"publish","type":"page","link":"http:\/\/lily-perf.com\/lb170293-ovh\/privacyconfidentialite\/","title":{"rendered":"Privacy Policy | Politique de confidentialit\u00e9"},"content":{"rendered":"\r\n<h1 style=\"text-align: center;\"><strong>Legal Notice &#8211; General Conditions of Use | Mentions L\u00e9gales &#8211; Conditions G\u00e9n\u00e9rales d&#8217;Utilisation<\/strong><\/h1>\r\n<h1>\u00a0<\/h1>\r\n<h1>English Version | Version fran\u00e7aise \u00e0 la suite<\/h1>\r\n<p>The latest version of this site was updated on August 12<sup>th<\/sup>, 2019.<\/p>\r\n<p>The following legal notices define the rules for the operation and use of the www.lily-perf.com website. Accessing and browsing the site constitutes a full and unreserved acceptance of these general terms and conditions of use. The conditions of use may be modified at any time.<\/p>\r\n<p>The Site User acknowledges that he\/she has the necessary skills and resources to access and use the website, that he\/she has verified that the computer configuration used by him\/her does not contain any viruses and that it is in good working order.<\/p>\r\n<p>&nbsp;<\/p>\r\n<p><strong>Ownership and operation<\/strong><\/p>\r\n<p>This website is published and operated by its owner, LILY-DEV SAS, with a share capital of 5,000 Euros, registered with the Paris Trade and Companies Register under number 829 776 871 (Intra-Community VAT number: FR31 829 776 871), whose registered office is at 18 rue Boissi\u00e8re 75116 Paris.<\/p>\r\n<p>The website is hosted by OVH, 2 rue Kellermann BP 80157 59053 Roubaix Cedex 1, within the Gravelines Data Center.<\/p>\r\n<p>&nbsp;<\/p>\r\n<h2><span style=\"color: #00a13a;\">1\/ PERSONAL DATA<\/span><\/h2>\r\n<p>In the course of its activities, Lily-Dev SAS is required to collect and process your personal data. These are intended exclusively for Lily-Dev SAS for its business consulting activity.<\/p>\r\n<p>Your personal data are protected by the regulations relating to the protection of personal data (provisions of Law No 78-17 of 6 January 1978 on data processing, files and freedoms, as amended, as well as Regulation (EU) 2016\/679 of the European Parliament and of the Council of 27 April 2016 (DGPS)).<\/p>\r\n<p>Lily-Dev SAS is particularly vigilant with regard to the collection and processing of this data.<\/p>\r\n<p>&nbsp;<\/p>\r\n<p>Are collected and processed:<\/p>\r\n<ul>\r\n<li>Connection or navigation data: when you connect to the website from a fixed or mobile device or via the application, the data (IP address, logs, etc.) are collected as well as the version of the User&#8217;s browser (Firefox, Chrome, Safari, Internet Explorer, etc.), the type of operating system used (Windows, Mac Os, etc.) in order to ensure optimal navigation and perform statistical analyses;<\/li>\r\n<li>Identification data when a form is completed on the website.<\/li>\r\n<\/ul>\r\n<p>&nbsp;<\/p>\r\n<p>Lily-Dev SAS keeps the data only for the necessary time plus, if necessary, the legal limitation period, i. e.:<\/p>\r\n<ul>\r\n<li>The personal data collected to answer one of your requests is kept for the duration of the administrative management of this request plus any legal deadlines;<\/li>\r\n<li>The technical data of connection, navigation, cookies are kept for a period of 13 months.<\/li>\r\n<\/ul>\r\n<p>In accordance with the provisions of Law No. 78-17 of 6 January 1978 on Data Processing, Data Files and Individual Liberties, you have the right to access, modify, rectify, carry and delete data concerning you at any time, as well as the right to limit processing.<\/p>\r\n<p>If you wish to exercise this right, simply contact the RGPD manager by e-mail, with a copy of your identity card, at the following address: Lily-Dev SAS, 18 rue Boissi\u00e8re, 75116 Paris<\/p>\r\n<p>Lily-Dev SAS reserves the right to request any proof of identity before acting on these requests.<\/p>\r\n<p>In the event of a dispute, you also have the right to file a complaint with the CNIL (<a href=\"http:\/\/www.cnil.fr\">www.cnil.fr<\/a>).<\/p>\r\n<p>&nbsp;<\/p>\r\n<h2><span style=\"color: #00a13a;\">2\/ COOKIES UTILIZATION<\/span><\/h2>\r\n<p><strong>2.1 Definition<\/strong><\/p>\r\n<p>Cookies are data stored in a User&#8217;s terminal equipment and used by the website to send information to the User&#8217;s browser, which sends information back to the original site (for example, a session ID, choice of language or date).<\/p>\r\n<p>Cookies make it possible to store status information during the validity period of the cookie concerned when a browser accesses the various pages of a website or when the browser subsequently returns to that website.<\/p>\r\n<p>Only the issuer of a cookie can read or modify the information contained therein.<\/p>\r\n<p>The different types of cookies are session cookies &#8211; which disappear as soon as you leave the site &#8211; and permanent cookies &#8211; which remain on your device until their lifetime expires or until they are deleted.<\/p>\r\n<p>When you visit our site, cookies may be installed on your terminal equipment.<\/p>\r\n<p>&nbsp;<\/p>\r\n<p><strong>2.2 Cookies utilized<\/strong><\/p>\r\n<p>Cookies utilized on this website are:<\/p>\r\n<ul>\r\n<li>Browser cookies<\/li>\r\n<li>Cookies from third parties, namely Google Analytics<\/li>\r\n<\/ul>\r\n<p>These third-party cookies allow us to track visitors and identify how they use the site. These cookies are placed and read on the User&#8217;s terminal equipment when the User accesses a website using the &#8220;Google Analytics&#8221; service.<\/p>\r\n<p>The data generated by these cookies relates to your use of the site and your IP address.<\/p>\r\n<p>You can get more information about Google Analytics services at <a href=\"http:\/\/www.google.com\/analytics\/learn\/privacy.html\">http:\/\/www.google.com\/analytics\/learn\/privacy.html<\/a><\/p>\r\n<p>&nbsp;<\/p>\r\n<p><strong>2.3 Purpose of the cookies used<\/strong><\/p>\r\n<p>Some of the cookies used by www.lily-perf.com have the exclusive purpose of allowing or facilitating electronic communication (detection of connection errors, identification of connection points, etc.). Others are strictly necessary for the provision of online communication services at your express request (choice of country, language preferences, regional settings&#8230;). Still others are used to analyze the use and usage of the site.<\/p>\r\n<p>&nbsp;<\/p>\r\n<p><strong>2.4 Cookies management<\/strong><\/p>\r\n<p>You have several options to delete cookies.<\/p>\r\n<p>Indeed, if most browsers are set by default and accept the installation of cookies, you have the possibility, if you wish, to choose to accept all cookies, or to reject them systematically or to choose those you accept according to the issuer. You can also set your browser to accept or reject cookies on a case-by-case basis before they are installed. You can also regularly delete cookies from your device via your browser. Don&#8217;t forget to configure all the browsers of your various terminals (tablets, smartphones, computers&#8230;).<\/p>\r\n<p>For the management of cookies and your choices, the configuration of each browser is different. It is described in the help menu of your browser, which will allow you to find out how to change your cookie preferences. As an example:<\/p>\r\n<ul>\r\n<li>For Internet Explorer\u2122: http:\/\/windows.microsoft.com\/en-us\/windows-vista\/Block-or-allow-cookies;<\/li>\r\n<li>For Safari\u2122: http:\/\/docs.info.apple.com\/article.html?path=Safari\/3.0\/en\/9277.html;<\/li>\r\n<li>For Chrome\u2122: http:\/\/support.google.com\/chrome\/bin\/answer.py?hl=en&amp;hlrm=en&amp;answer=95647;<\/li>\r\n<li>For Firefox\u2122: http:\/\/support.mozilla.org\/fr\/kb\/Activer%20et%20d%C3%A9sactiver%20les%20cookies ;<\/li>\r\n<li>For Opera\u2122: http:\/\/help.opera.com\/Windows\/10.20\/en\/cookies.html.<\/li>\r\n<\/ul>\r\n<p>However, we inform you that by setting your browser to refuse cookies, certain features, pages, or spaces of the site will not be accessible, for which we cannot be held responsible.<\/p>\r\n<p>We also draw your attention to the fact that, when you object to the installation or use of a cookie, a decline cookie is installed on your terminal equipment. If you delete this decline cookie, it will no longer be possible to identify you as having refused the use of cookies. Similarly, when you consent to the installation of cookies, a consent cookie is set. Consent or decline cookies must remain on your terminal equipment.<\/p>\r\n<p>&nbsp;<\/p>\r\n<h2><span style=\"color: #00a13a;\">3\/INTELLECTUAL PROPERTY<\/span><\/h2>\r\n<p>The presentation of the site and its content including, but not limited to, trademarks, drawings, plans, models, animated or still images, texts, photographs, logos, graphic charters, search engines, databases, sounds, videos, domain names, design and all other elements composing the site or any other information contained therein, are the exclusive property of Lily-Dev SAS or third parties who have granted it a license, and are protected by current intellectual property laws.<\/p>\r\n<p>Any reproduction and\/or representation, in whole or in part, by any means, on any medium and in any form whatsoever, is prohibited without the express prior written consent of Lily-Dev SAS.<\/p>\r\n<p>Any extraction by any means and in any form whatsoever or any reuse, by making available to the public, of a substantial part or a qualitatively or quantitatively non-substantial part of the content of a database accessible on the site (excluding conditions of normal use of this database) is prohibited.<\/p>\r\n<p>&nbsp;<\/p>\r\n<h2><span style=\"color: #00a13a;\">4\/ LIMITATION OF LIABILITY<\/span><\/h2>\r\n<p>The information on the website is intended to inform users of the website about the various services provided by Lily-Dev SAS. Lily-Dev SAS regularly updates the website. In no event shall Lily-Dev SAS be held liable in the event that one or more information on the site is inaccurate.<\/p>\r\n<p>In addition, Lily-Dev SAS cannot be held liable, in particular, without it being an exhaustive list:<\/p>\r\n<ul>\r\n<li>Misuse of the website by the User;<\/li>\r\n<li>By a third party;<\/li>\r\n<li>A case of force majeure or a fortuitous event, understood as any event beyond the control of Lily-Dev SAS and in particular: industrial disputes, internal strikes, intervention by civil or military authorities, declared or undeclared wars or hostilities, terrorist acts, riots, natural disasters, bad weather affecting communication routes and making them impassable, fires, water damage, epidemics, sanitary conditions, malfunction or interruption of telecommunications networks;<\/li>\r\n<li>In the event of use of the Services by a User in conditions that do not comply with the terms of the General Terms and Conditions of Use;<\/li>\r\n<li>Of a computer virus.<\/li>\r\n<\/ul>\r\n<p>&nbsp;<\/p>\r\n<h2><span style=\"color: #00a13a;\">5\/ DISPUTE SETTLEMENT<\/span><\/h2>\r\n<p>These general conditions are subject to French law. Any dispute of any nature whatsoever relating to the application of these general conditions, the use and consultation of the website, must, in the absence of an amicable agreement between the parties, be submitted to the Tribunal de Grande Instance de Paris, which shall have sole jurisdiction to settle the dispute.<\/p>\r\n<p>&nbsp;<\/p>\r\n<h1><strong>Version Fran\u00e7aise<\/strong><\/h1>\r\n<p>La derni\u00e8re version de ce site a \u00e9t\u00e9 mise \u00e0 jour le 12\/08\/2019.<\/p>\r\n<p>Les mentions l\u00e9gales ci-apr\u00e8s d\u00e9finissent les r\u00e8gles de fonctionnement et d\u2019utilisation du site internet www.lily-perf.com. Le fait d\u2019acc\u00e9der au site et de naviguer sur le site constitue une acceptation compl\u00e8te et sans r\u00e9serve des pr\u00e9sentes conditions g\u00e9n\u00e9rales d\u2019utilisation. Les conditions d\u2019utilisations peuvent \u00eatre modifi\u00e9es \u00e0 tout moment.<\/p>\r\n<p>L\u2019Utilisateur du site reconnait disposer de la comp\u00e9tence et des moyens n\u00e9cessaires pour acc\u00e9der et utiliser le site internet, avoir v\u00e9rifi\u00e9 que la configuration informatique utilis\u00e9e par lui ne contient aucun virus et qu\u2019elle est en bon \u00e9tat de fonctionnement.<\/p>\r\n<p><strong>Propri\u00e9t\u00e9 et exploitation<\/strong><\/p>\r\n<p>Le pr\u00e9sent site internet est publi\u00e9 et exploit\u00e9 par son propri\u00e9taire, la soci\u00e9t\u00e9 LILY-DEV SAS, au capital social de 5.000 Euros, inscrite au RCS de Paris sous le num\u00e9ro 829 776 871 (Num\u00e9ro de TVA intracommunautaire : FR31 829 776 871), dont le si\u00e8ge social est 18 rue Boissi\u00e8re 75116 Paris.<\/p>\r\n<p>Le site internet est h\u00e9berg\u00e9 par OVH, 2 rue Kellermann BP 80157 59053 Roubaix Cedex 1, au sein du Data Center de Gravelines.<\/p>\r\n<p>&nbsp;<\/p>\r\n<h2><span style=\"color: #00a13a;\">1\/ DONNEES PERSONNELLES<\/span><\/h2>\r\n<p>Dans le cadre de ses activit\u00e9s, la soci\u00e9t\u00e9 Lily-Dev SAS est amen\u00e9e \u00e0 proc\u00e9der \u00e0 la collecte et au traitement de vos donn\u00e9es \u00e0 caract\u00e8re personnel. Celles-ci sont destin\u00e9es exclusivement \u00e0 Lily-Dev SAS pour son activit\u00e9 de conseil aux entreprises.<\/p>\r\n<p>Vos donn\u00e9es \u00e0 caract\u00e8re personnel sont prot\u00e9g\u00e9es par la r\u00e9glementation relative \u00e0 la protection des donn\u00e9es personnelles (dispositions de la loi n\u00b078-17 du 6 janvier 1978 relative \u00e0 l\u2019informatique, aux fichiers et aux libert\u00e9s, modifi\u00e9e, ainsi que le r\u00e8glement (UE) 2016\/679 du Parlement europ\u00e9en et du Conseil du 27 avril 2016 (RGPD)).<br \/>La soci\u00e9t\u00e9 Lily-Dev SAS est particuli\u00e8rement vigilante quant \u00e0 la collecte et au traitement de ces donn\u00e9es.<\/p>\r\n<p><br \/>Sont collect\u00e9es et trait\u00e9es :<\/p>\r\n<ul>\r\n<li>Des donn\u00e9es de connexion ou de navigation : lors de votre connexion au site internet depuis un terminal fixe ou mobile ou via l\u2019application, les donn\u00e9es (adresse IP, logs\u2026) sont collect\u00e9es ainsi que la version du navigateur de l\u2019Utilisateur (Firefox, Chrome, Safari, Internet Explorer, etc.), le type de syst\u00e8me d\u2019exploitation utilis\u00e9 (Windows, Mac Os, etc\u2026) et ce, afin de vous assurer une navigation optimale et r\u00e9aliser des analyses statistiques,<\/li>\r\n<li>Des donn\u00e9es d\u2019identification lorsque est rempli un formulaire sur le site internet.<\/li>\r\n<\/ul>\r\n<p>&nbsp;<\/p>\r\n<p>Lily-Dev SAS conserve les donn\u00e9es uniquement pendant le temps n\u00e9cessaire augment\u00e9 le cas \u00e9ch\u00e9ant du d\u00e9lai de prescription l\u00e9gale, \u00e0 savoir :<\/p>\r\n<ul>\r\n<li>Les donn\u00e9es personnelles recueillies pour r\u00e9pondre \u00e0 une de vos demandes sont conserv\u00e9es pendant la dur\u00e9e de gestion administrative de cette demande augment\u00e9e des d\u00e9lais l\u00e9gaux \u00e9ventuels,<\/li>\r\n<li>Les donn\u00e9es techniques de connexion, navigation, cookies sont conserv\u00e9es pendant un d\u00e9lai de 13 mois.<\/li>\r\n<\/ul>\r\n<p>Conform\u00e9ment aux dispositions de la loi n\u00b078-17 du 6 janvier 1978 relative \u00e0 l\u2019Informatique, aux fichiers et aux libert\u00e9s, vous disposez, \u00e0 tout moment, d\u2019un droit d\u2019acc\u00e8s, de modification, de rectification, de portabilit\u00e9 et de suppression des donn\u00e9es qui vous concernent ainsi qu\u2019un droit \u00e0 la limitation du traitement.<\/p>\r\n<p>Si vous souhaitez exercer ce droit, il vous suffit de contacter par courriel, avec copie de votre titre d\u2019identit\u00e9, le responsable RGPD \u00e0 l\u2019adresse suivante : Lily-Dev SAS, 18 rue Boissi\u00e8re, 75116 Paris.<\/p>\r\n<p>La soci\u00e9t\u00e9 Lily-Dev SAS se r\u00e9serve le droit de demander tout justificatif d\u2019identit\u00e9 avant de donner suite \u00e0 ces demandes.<\/p>\r\n<p>En cas de litige, vous disposez \u00e9galement du droit d\u2019introduire une r\u00e9clamation aupr\u00e8s de la CNIL (<a href=\"http:\/\/www.cnil.fr\">www.cnil.fr<\/a>).<\/p>\r\n<p>&nbsp;<\/p>\r\n<h2><span style=\"color: #00a13a;\">2\/ UTILISATION DE COOKIES<\/span><\/h2>\r\n<p><strong>2.1 D\u00e9finition<\/strong><\/p>\r\n<p>Les cookies sont des donn\u00e9es stock\u00e9es dans l\u2019\u00e9quipement terminal d\u2019un Utilisateur et utilis\u00e9es par le site internet pour envoyer des informations au navigateur de l\u2019Utilisateur, lequel renvoie des informations au site d\u2019origine (par exemple un identifiant de session, le choix d\u2019une langue ou une date).<\/p>\r\n<p>Les cookies permettent de conserver, pendant la dur\u00e9e de validit\u00e9 du cookie concern\u00e9, des informations d\u2019\u00e9tat lorsqu\u2019un navigateur acc\u00e8de aux diff\u00e9rentes pages d\u2019un site web ou lorsque ce navigateur retourne ult\u00e9rieurement sur ce site web.<\/p>\r\n<p>Seul l\u2019\u00e9metteur d\u2019un cookie peut lire ou modifier les informations qui y sont contenues.<\/p>\r\n<p>Les diff\u00e9rents types de cookies sont les cookies de session \u2013 qui disparaissent d\u00e8s que vous quittez le site \u2013 et les cookies permanents \u2013 qui demeurent sur votre terminal jusqu\u2019\u00e0 expiration de leur dur\u00e9e de vie ou jusqu\u2019\u00e0 ce qu\u2019ils soient supprim\u00e9s.<\/p>\r\n<p>Lors de vos visites sur notre site, des cookies peuvent \u00eatre install\u00e9s sur votre \u00e9quipement terminal.<\/p>\r\n<p>&nbsp;<\/p>\r\n<p><strong>2.2 Cookies utilis\u00e9s<\/strong><\/p>\r\n<p>Les cookies utilis\u00e9s sur le site sont :<\/p>\r\n<ul>\r\n<li>Les cookies de navigation<\/li>\r\n<li>Les cookies de tiers \u00e0 savoir Google Analytics<\/li>\r\n<\/ul>\r\n<p>Ces cookies de tiers permettent de comptabiliser les visiteurs et identifier la mani\u00e8re dont ils utilisent le site. Ces cookies sont d\u00e9pos\u00e9s et lus sur l\u2019\u00e9quipement terminal de l\u2019Utilisateur d\u00e8s lors que celui-ci acc\u00e8de \u00e0 un site web utilisant le service \u00ab Google Analytics \u00bb.<\/p>\r\n<p>Les donn\u00e9es g\u00e9n\u00e9r\u00e9es par ces cookies concernent votre utilisation du site et votre adresse IP.<\/p>\r\n<p>Vous pouvez obtenir plus d\u2019informations sur les services Google Analytics en vous rendant \u00e0 la page <a href=\"http:\/\/www.google.com\/analytics\/learn\/privacy.html\">http:\/\/www.google.com\/analytics\/learn\/privacy.html<\/a><\/p>\r\n<p>&nbsp;<\/p>\r\n<p><strong>2.3 Finalit\u00e9 des cookies utilis\u00e9s<\/strong><\/p>\r\n<p>Certains des cookies utilis\u00e9s par www.lily-perf.com ont pour finalit\u00e9 exclusive de permettre ou faciliter la communication par voie \u00e9lectronique (d\u00e9tection des erreurs de connexion, identification des points de connexion\u2026). D\u2019autres sont strictement n\u00e9cessaires \u00e0 la fourniture de services de communication en ligne \u00e0 votre demande expresse (choix d\u2019un pays, pr\u00e9f\u00e9rences linguistiques, param\u00e8tres r\u00e9gionaux\u2026). D\u2019autres encore sont utilis\u00e9s dans le but d\u2019analyser la fr\u00e9quentation et l\u2019utilisation qui est faite du site.<\/p>\r\n<p>&nbsp;<\/p>\r\n<p><strong>2.4 Gestion des cookies<\/strong><\/p>\r\n<p>Vous disposez de plusieurs options pour supprimer les cookies.<\/p>\r\n<p>En effet, si la plupart des navigateurs sont param\u00e9tr\u00e9s par d\u00e9faut et acceptent l\u2019installation de cookies, vous avez la possibilit\u00e9, si vous le souhaitez, de choisir d\u2019accepter tous les cookies, ou de les rejeter syst\u00e9matiquement ou encore de choisir ceux que vous acceptez selon l\u2019\u00e9metteur. Vous pouvez \u00e9galement param\u00e9trer votre navigateur pour accepter ou refuser au cas par cas les cookies pr\u00e9alablement \u00e0 leur installation. Vous pouvez \u00e9galement r\u00e9guli\u00e8rement supprimer les cookies de votre terminal via votre navigateur. N\u2019oubliez pas de param\u00e9trer l\u2019ensemble des navigateurs de vos diff\u00e9rents terminaux (tablettes, smartphones, ordinateurs..).<\/p>\r\n<p>Pour la gestion des cookies et de vos choix, la configuration de chaque navigateur est diff\u00e9rente. Elle est d\u00e9crite dans le menu d\u2019aide de votre navigateur, qui vous permettra de savoir de quelle mani\u00e8re modifier vos souhaits en mati\u00e8re de cookies. A titre d\u2019exemple :<\/p>\r\n<ul>\r\n<li>Pour Internet Explorer\u2122 : http:\/\/windows.microsoft.com\/fr-FR\/windows-vista\/Block-or-allow-cookies ;<\/li>\r\n<li>Pour Safari\u2122 : http:\/\/docs.info.apple.com\/article.html?path=Safari\/3.0\/fr\/9277.html ;<\/li>\r\n<li>Pour Chrome\u2122: http:\/\/support.google.com\/chrome\/bin\/answer.py?hl=fr&amp;hlrm=en&amp;answer=95647 ;<\/li>\r\n<li>Pour Firefox\u2122 : http:\/\/support.mozilla.org\/fr\/kb\/Activer%20et%20d%C3%A9sactiver%20les%20cookies ;<\/li>\r\n<li>Pour Opera\u2122 : http:\/\/help.opera.com\/Windows\/10.20\/fr\/cookies.html.<\/li>\r\n<\/ul>\r\n<p>Toutefois, nous vous informons qu\u2019en param\u00e9trant votre navigateur pour refuser les cookies, certaines fonctionnalit\u00e9s, pages, espaces du site ne seront pas accessibles, ce dont nous ne saurions \u00eatre responsables.<br \/>Nous attirons \u00e9galement votre attention sur le fait que, lorsque vous vous opposez \u00e0 l\u2019installation ou \u00e0 l\u2019utilisation d\u2019un cookie, un cookie de refus est install\u00e9 sur votre \u00e9quipement terminal. Si vous supprimez ce cookie de refus, il ne sera plus possible de vous identifier comme ayant refus\u00e9 l\u2019utilisation de cookies. De m\u00eame, lorsque vous consentez \u00e0 l\u2019installation de cookies, un cookie de consentement est install\u00e9. Les cookies de consentement ou de refus doivent rester sur votre \u00e9quipement terminal.<\/p>\r\n<p>&nbsp;<\/p>\r\n<h2><span style=\"color: #00a13a;\">3\/PROPRIETE INTELLECTUELLE<\/span><\/h2>\r\n<p>La pr\u00e9sentation du site et son contenu incluant notamment, sans que cette \u00e9num\u00e9ration soit exhaustive, les marques, les dessins, les plans, les mod\u00e8les, les images anim\u00e9es ou non, les textes, les photographies, les logos, les chartes graphiques, les moteurs de recherche, les bases de donn\u00e9es, les sons, les vid\u00e9os, les noms de domaines, le design et tous les autres \u00e9l\u00e9ments composant le site ou toute autre information y figurant, sont la propri\u00e9t\u00e9 exclusive de Lily-Dev SAS ou des tiers qui lui ont conc\u00e9d\u00e9 une licence, et sont prot\u00e9g\u00e9s par des lois en vigueur sur la propri\u00e9t\u00e9 intellectuelle.<\/p>\r\n<p>Toute reproduction et\/ou repr\u00e9sentation, totale ou partielle, par tout moyen, sur tout support et sous toute forme que ce soit, est interdite sauf accord expr\u00e8s, \u00e9crit et pr\u00e9alable de Lily-Dev SAS.<\/p>\r\n<p>Toute extraction par tout moyen et sous toute forme que ce soit ou toute r\u00e9utilisation, par la mise \u00e0 disposition du public, d\u2019une partie substantielle ou d\u2019une partie qualitativement ou quantitativement non substantielle du contenu d\u2019une base de donn\u00e9es accessible sur le site (hors conditions d\u2019utilisation normale de cette base de donn\u00e9es) est interdite.<\/p>\r\n<p>&nbsp;<\/p>\r\n<h2><span style=\"color: #00a13a;\">4\/ LIMITATION DE RESPONSABILITE<\/span><\/h2>\r\n<p>Les informations pr\u00e9sentes sur le site internet ont vocation \u00e0 informer les utilisateurs du site internet sur les diff\u00e9rents services assur\u00e9s par Lily-Dev SAS. Lily-Dev SAS met r\u00e9guli\u00e8rement \u00e0 jour le site internet. En aucun cas, Lily-Dev SAS ne pourra \u00eatre tenu responsable dans l\u2019hypoth\u00e8se o\u00f9 une ou plusieurs informations sur le site seraient inexactes.<\/p>\r\n<p>Par ailleurs, Lily-Dev SAS ne saurait \u00eatre tenu responsable, notamment, sans qu\u2019il s\u2019agisse d\u2019une liste exhaustive :<\/p>\r\n<ul>\r\n<li>D\u2019une mauvaise utilisation du site internet par l\u2019Utilisateur ;<\/li>\r\n<li>Du fait d\u2019un tiers ;<\/li>\r\n<li>D\u2019un cas de force majeure ou d\u2019un cas fortuit, entendu comme tout fait ou \u00e9v\u00e8nement ind\u00e9pendant de la volont\u00e9 de Lily-Dev SAS et notamment : conflits sociaux, gr\u00e8ves internes, intervention des autorit\u00e9s civiles ou militaires, guerres ou hostilit\u00e9s d\u00e9clar\u00e9es ou non d\u00e9clar\u00e9es, actes terroristes, \u00e9meutes, catastrophes naturelles, intemp\u00e9ries affectant les voies de communication et les rendant impraticables, incendies, d\u00e9g\u00e2ts des eaux, \u00e9pid\u00e9mies, conditions sanitaires, mauvais fonctionnement ou interruption des r\u00e9seaux de t\u00e9l\u00e9communications ;<\/li>\r\n<li>En cas d\u2019utilisation des Services par un Utilisateur dans des conditions non-conformes aux termes des Conditions G\u00e9n\u00e9rales d\u2019Utilisation ;<\/li>\r\n<li>D\u2019un virus informatique ;<\/li>\r\n<\/ul>\r\n<p>&nbsp;<\/p>\r\n<h2><span style=\"color: #00a13a;\">5\/ REGLEMENT DES LITIGES<\/span><\/h2>\r\n<p>Les pr\u00e9sentes conditions g\u00e9n\u00e9rales sont soumises au droit fran\u00e7ais. Toute contestation de quelque nature qu\u2019elle soit, relative \u00e0 l\u2019application des pr\u00e9sentes conditions g\u00e9n\u00e9rales, \u00e0 l\u2019utilisation et \u00e0 la consultation du site internet, doit, \u00e0 d\u00e9faut d\u2019accord amiable entre les parties, \u00eatre soumis au Tribunal de Grande Instance de Paris, qui sera seul comp\u00e9tent pour trancher le litige.<\/p>\r\n<p>&nbsp;<\/p>\r\n","protected":false},"excerpt":{"rendered":"<p>Legal Notice &#8211; General Conditions of Use | Mentions L\u00e9gales [&hellip;]<\/p>\n","protected":false},"author":1,"featured_media":0,"parent":0,"menu_order":0,"comment_status":"closed","ping_status":"open","template":"","meta":[],"_links":{"self":[{"href":"http:\/\/lily-perf.com\/lb170293-ovh\/wp-json\/wp\/v2\/pages\/3"}],"collection":[{"href":"http:\/\/lily-perf.com\/lb170293-ovh\/wp-json\/wp\/v2\/pages"}],"about":[{"href":"http:\/\/lily-perf.com\/lb170293-ovh\/wp-json\/wp\/v2\/types\/page"}],"author":[{"embeddable":true,"href":"http:\/\/lily-perf.com\/lb170293-ovh\/wp-json\/wp\/v2\/users\/1"}],"replies":[{"embeddable":true,"href":"http:\/\/lily-perf.com\/lb170293-ovh\/wp-json\/wp\/v2\/comments?post=3"}],"version-history":[{"count":5,"href":"http:\/\/lily-perf.com\/lb170293-ovh\/wp-json\/wp\/v2\/pages\/3\/revisions"}],"predecessor-version":[{"id":1149,"href":"http:\/\/lily-perf.com\/lb170293-ovh\/wp-json\/wp\/v2\/pages\/3\/revisions\/1149"}],"wp:attachment":[{"href":"http:\/\/lily-perf.com\/lb170293-ovh\/wp-json\/wp\/v2\/media?parent=3"}],"curies":[{"name":"wp","href":"https:\/\/api.w.org\/{rel}","templated":true}]}}